{"id":864,"date":"2021-09-02T16:35:42","date_gmt":"2021-09-02T16:35:42","guid":{"rendered":"https:\/\/accidentchiropractoryakima.com\/?page_id=864"},"modified":"2025-03-26T10:51:49","modified_gmt":"2025-03-26T10:51:49","slug":"patient-forms","status":"publish","type":"page","link":"https:\/\/accidentchiropractoryakima.com\/es\/formularios-de-pacientes\/","title":{"rendered":"Formularios de pacientes"},"content":{"rendered":"<p><section class=\"fw-main-row\"   >\n\t<div class=\"fw-container-fluid no-padding\">\n\t\t<div class=\"fw-row\">\n\t\n<div class=\"fw-col-xs-12\" style=\"\">\n\t<section class=\"banner-block banner-block-69de60080bee2 fw-main-row\" style=\"height:350px;\">\n\t\t<div class=\"item dark-bg\"  style=\"height:350px;background-image: url(\/\/accidentchiropractoryakima.com\/wp-content\/uploads\/2021\/09\/Screenshot-15.png);\">\n\t\t<div class=\"fw-container centered-container tac\">\n\t\t\t\t\t\t<h2 class=\"h1 heading-decor big\"><span>Papeleo del paciente<\/span><\/h2>\n\t\t\t\t\t\t<p>Complete y lleve a la oficina para ahorrar tiempo en su primera visita<\/p>\n\t\t\t\t\t<\/div>\n\t<\/div>\n\t<\/section><\/div>\n<\/div>\n\n\t<\/div>\n<\/section><section class=\"fw-main-row\"  style=\"padding-top:40px;padding-bottom:40px;\" >\n\t<div class=\"fw-container\">\n\t\t<div class=\"fw-row\">\n\t\n<div class=\"fw-col-xs-12 fw-col-sm-8\" style=\"\">\n\t\n<h2>Formularios para pacientes nuevos<\/h2><h3>DESCARGAR, LLENAR, LLEVAR A SU CITA<\/h3><h5 data-uw-styling-context=\"true\">Ofrecemos nuestros formularios para pacientes en l\u00ednea para que puedan completarse en la comodidad de su hogar u oficina.<\/h5><ul><li data-uw-styling-context=\"true\">Descargue los formularios necesarios de la lista a continuaci\u00f3n que correspondan a su visita, impr\u00edmalos y complete la informaci\u00f3n requerida.<\/li><li data-uw-styling-context=\"true\">Ll\u00e9velos con usted en su primera cita.<\/li><\/ul>\n<\/div>\n\n<div class=\"fw-col-xs-12 fw-col-sm-4\" style=\"\">\n\t<img decoding=\"async\" src=\"\/\/accidentchiropractoryakima.com\/wp-content\/uploads\/2021\/09\/Paperwork.jpg\" alt=\"\/\/accidentchiropractoryakima.com\/wp-content\/uploads\/2021\/09\/Paperwork.jpg\" \/><\/div>\n<\/div>\n\n\t<\/div>\n<\/section><section class=\"fw-main-row\"  style=\"background-color:#efefef;padding-top:40px;padding-bottom:40px;\" >\n\t<div class=\"fw-container\">\n\t\t<div class=\"fw-row\">\n\t\n<div class=\"fw-col-xs-12 fw-col-sm-6\" style=\"\">\n\t\n<h3>OFICINA DE YAKIMA<\/h3><ul><li><h5><a href=\"https:\/\/accidentchiropractoryakima.com\/wp-content\/uploads\/2021\/09\/English-PI-Intake.pdf\" target=\"_blank\" rel=\"noopener noreferrer\" data-uw-styling-context=\"true\">Formulario de seguro<\/a><\/h5><\/li><li><h5><a href=\"https:\/\/accidentchiropractoryakima.com\/wp-content\/uploads\/2021\/09\/English-work-comp.pdf\" target=\"_blank\" rel=\"noopener noreferrer\" data-uw-styling-context=\"true\">Formulario L &amp; I<\/a><\/h5><\/li><li><h5><a href=\"https:\/\/accidentchiropractoryakima.com\/wp-content\/uploads\/2021\/09\/Spanish-PI-Intake.pdf\" target=\"_blank\" rel=\"noopener noreferrer\" data-uw-styling-context=\"true\">Formulario de Seguro<\/a><\/h5><\/li><li><h5><a href=\"https:\/\/accidentchiropractoryakima.com\/wp-content\/uploads\/2021\/09\/Spanish-Work-comp-Intake.pdf\" target=\"_blank\" rel=\"noopener noreferrer\" data-uw-styling-context=\"true\">Formulario L &amp; I<\/a><\/h5><\/li><\/ul>\n<\/div>\n\n<div class=\"fw-col-xs-12 fw-col-sm-6\" style=\"\">\n\t\n<h3><\/h3><ul><li><h5><a href=\"https:\/\/accidentchiropractoryakima.com\/wp-content\/uploads\/2021\/10\/english-intake-.pdf\" target=\"_blank\" rel=\"noopener noreferrer\" data-uw-styling-context=\"true\">Formulario de admisi\u00f3n de nuevos pacientes<\/a><\/h5><\/li><li><h5><a href=\"https:\/\/accidentchiropractoryakima.com\/wp-content\/uploads\/2021\/10\/spanish-intake1.pdf\" target=\"_blank\" rel=\"noopener noreferrer\" data-uw-styling-context=\"true\">Nuevo Formulario de Admisi\u00f3n de Pacientes<\/a><\/h5><\/li><\/ul>\n<\/div>\n<\/div>\n\n<div class=\"fw-row\">\n\t\n<div class=\"fw-col-xs-12\" style=\"\">\n\t\n<p>Si a\u00fan no tiene AdobeReader\u00ae instalado en su computadora,\u00a0<a title=\"Descargue el AdobeReader\u00ae gratuito\" href=\"http:\/\/www.adobe.com\/products\/acrobat\/readstep2.html\" target=\"_blank\" rel=\"noopener noreferrer\" data-uw-styling-context=\"true\">Haga clic aqu\u00ed<\/a>\u00a0descargar.<\/p>\n<\/div>\n<\/div>\n\n\t<\/div>\n<\/section><section class=\"fw-main-row\"  style=\"background-color:#ba0000;padding-top:40px;padding-bottom:40px;\" >\n\t<div class=\"fw-container\">\n\t\t<div class=\"fw-row\">\n\t\n<div class=\"fw-col-xs-12 fw-col-sm-6\" style=\"\">\n\t\n<div class=\"w-actionbox-text\"><h2 class=\"w-actionbox-title\" data-uw-styling-context=\"true\"><span style=\"color: #ffffff;\">Ahora aceptando nuevos pacientes<\/span><\/h2><\/div>\n<\/div>\n\n<div class=\"fw-col-xs-12 fw-col-sm-6\" style=\"\">\n\t<div class=\"tac\">\n\t\t\t\t\t\t<a href=\"https:\/\/accidentchiropractoryakima.com\/es\/yakima-quiropractico\/\" target=\"_self\" class=\"button-style1\" style=\"\">\n\t\t\t\t<span>CONTACTO YAKIMA<\/span>\n\t\t\t<\/a>\n\t\t\t<\/div><\/div>\n<\/div>\n\n\t<\/div>\n<\/section><\/p>","protected":false},"excerpt":{"rendered":"<p>Patient Paperwork Complete and Bring to the Office to Save Time on Your First Visit New Patient FormsDOWNLOAD, FILL OUT, BRING TO YOUR APPOINTMENTWe\u00a0offer our patient forms online so they can be completed in the convenience of your own home or office.Download the necessary forms from the list below that pertain to your visit, print [&hellip;]<\/p>","protected":false},"author":1,"featured_media":0,"parent":0,"menu_order":0,"comment_status":"closed","ping_status":"closed","template":"page-landing.php","meta":{"footnotes":""},"class_list":["post-864","page","type-page","status-publish","hentry"],"acf":[],"yoast_head":"<!-- This site is optimized with the Yoast SEO Premium plugin v17.9 (Yoast SEO v27.3) - https:\/\/yoast.com\/product\/yoast-seo-premium-wordpress\/ -->\n<title>Yakima Chiropractic Patient Forms | Accident Chiropractic<\/title>\n<meta name=\"description\" content=\"Access and complete your new patient forms for Accident Chiropractic in Yakima. Streamline your first visit by filling out necessary paperwork in advance.\" \/>\n<meta name=\"robots\" content=\"index, follow, max-snippet:-1, max-image-preview:large, max-video-preview:-1\" \/>\n<link rel=\"canonical\" href=\"https:\/\/accidentchiropractoryakima.com\/es\/formularios-de-pacientes\/\" \/>\n<meta property=\"og:locale\" content=\"es_MX\" \/>\n<meta property=\"og:type\" content=\"article\" \/>\n<meta property=\"og:title\" content=\"Patient Forms\" \/>\n<meta property=\"og:description\" content=\"Access and complete your new patient forms for Accident Chiropractic in Yakima. Streamline your first visit by filling out necessary paperwork in advance.\" \/>\n<meta property=\"og:url\" content=\"https:\/\/accidentchiropractoryakima.com\/es\/formularios-de-pacientes\/\" \/>\n<meta property=\"og:site_name\" content=\"Accidentchiros\" \/>\n<meta property=\"article:modified_time\" content=\"2025-03-26T10:51:49+00:00\" \/>\n<meta name=\"twitter:card\" content=\"summary_large_image\" \/>\n<meta name=\"twitter:label1\" content=\"Tiempo de lectura\" \/>\n\t<meta name=\"twitter:data1\" content=\"1 minuto\" \/>\n<script type=\"application\/ld+json\" class=\"yoast-schema-graph\">{\"@context\":\"https:\\\/\\\/schema.org\",\"@graph\":[{\"@type\":\"WebPage\",\"@id\":\"https:\\\/\\\/accidentchiropractoryakima.com\\\/patient-forms\\\/\",\"url\":\"https:\\\/\\\/accidentchiropractoryakima.com\\\/patient-forms\\\/\",\"name\":\"Yakima Chiropractic Patient Forms | Accident Chiropractic\",\"isPartOf\":{\"@id\":\"https:\\\/\\\/accidentchiropractoryakima.com\\\/#website\"},\"datePublished\":\"2021-09-02T16:35:42+00:00\",\"dateModified\":\"2025-03-26T10:51:49+00:00\",\"description\":\"Access and complete your new patient forms for Accident Chiropractic in Yakima. Streamline your first visit by filling out necessary paperwork in advance.\",\"breadcrumb\":{\"@id\":\"https:\\\/\\\/accidentchiropractoryakima.com\\\/patient-forms\\\/#breadcrumb\"},\"inLanguage\":\"es\",\"potentialAction\":[{\"@type\":\"ReadAction\",\"target\":[\"https:\\\/\\\/accidentchiropractoryakima.com\\\/patient-forms\\\/\"]}]},{\"@type\":\"BreadcrumbList\",\"@id\":\"https:\\\/\\\/accidentchiropractoryakima.com\\\/patient-forms\\\/#breadcrumb\",\"itemListElement\":[{\"@type\":\"ListItem\",\"position\":1,\"name\":\"Home\",\"item\":\"https:\\\/\\\/accidentchiropractoryakima.com\\\/\"},{\"@type\":\"ListItem\",\"position\":2,\"name\":\"Patient Forms\"}]},{\"@type\":\"WebSite\",\"@id\":\"https:\\\/\\\/accidentchiropractoryakima.com\\\/#website\",\"url\":\"https:\\\/\\\/accidentchiropractoryakima.com\\\/\",\"name\":\"Accidentchiros\",\"description\":\"My WordPress Blog\",\"potentialAction\":[{\"@type\":\"SearchAction\",\"target\":{\"@type\":\"EntryPoint\",\"urlTemplate\":\"https:\\\/\\\/accidentchiropractoryakima.com\\\/?s={search_term_string}\"},\"query-input\":{\"@type\":\"PropertyValueSpecification\",\"valueRequired\":true,\"valueName\":\"search_term_string\"}}],\"inLanguage\":\"es\"},{\"@type\":\"ImageObject\",\"inLanguage\":\"es\",\"@id\":\"https:\\\/\\\/accidentchiropractoryakima.com\\\/patient-forms\\\/#local-main-organization-logo\",\"url\":\"\",\"contentUrl\":\"\",\"caption\":\"Accidentchiros\"}]}<\/script>\n<!-- \/ Yoast SEO Premium plugin. -->","yoast_head_json":{"title":"Yakima Chiropractic Patient Forms | Accident Chiropractic","description":"Access and complete your new patient forms for Accident Chiropractic in Yakima. Streamline your first visit by filling out necessary paperwork in advance.","robots":{"index":"index","follow":"follow","max-snippet":"max-snippet:-1","max-image-preview":"max-image-preview:large","max-video-preview":"max-video-preview:-1"},"canonical":"https:\/\/accidentchiropractoryakima.com\/es\/formularios-de-pacientes\/","og_locale":"es_MX","og_type":"article","og_title":"Patient Forms","og_description":"Access and complete your new patient forms for Accident Chiropractic in Yakima. Streamline your first visit by filling out necessary paperwork in advance.","og_url":"https:\/\/accidentchiropractoryakima.com\/es\/formularios-de-pacientes\/","og_site_name":"Accidentchiros","article_modified_time":"2025-03-26T10:51:49+00:00","twitter_card":"summary_large_image","twitter_misc":{"Tiempo de lectura":"1 minuto"},"schema":{"@context":"https:\/\/schema.org","@graph":[{"@type":"WebPage","@id":"https:\/\/accidentchiropractoryakima.com\/patient-forms\/","url":"https:\/\/accidentchiropractoryakima.com\/patient-forms\/","name":"Yakima Chiropractic Patient Forms | Accident Chiropractic","isPartOf":{"@id":"https:\/\/accidentchiropractoryakima.com\/#website"},"datePublished":"2021-09-02T16:35:42+00:00","dateModified":"2025-03-26T10:51:49+00:00","description":"Access and complete your new patient forms for Accident Chiropractic in Yakima. Streamline your first visit by filling out necessary paperwork in advance.","breadcrumb":{"@id":"https:\/\/accidentchiropractoryakima.com\/patient-forms\/#breadcrumb"},"inLanguage":"es","potentialAction":[{"@type":"ReadAction","target":["https:\/\/accidentchiropractoryakima.com\/patient-forms\/"]}]},{"@type":"BreadcrumbList","@id":"https:\/\/accidentchiropractoryakima.com\/patient-forms\/#breadcrumb","itemListElement":[{"@type":"ListItem","position":1,"name":"Home","item":"https:\/\/accidentchiropractoryakima.com\/"},{"@type":"ListItem","position":2,"name":"Patient Forms"}]},{"@type":"WebSite","@id":"https:\/\/accidentchiropractoryakima.com\/#website","url":"https:\/\/accidentchiropractoryakima.com\/","name":"Accidentchiros","description":"My WordPress Blog","potentialAction":[{"@type":"SearchAction","target":{"@type":"EntryPoint","urlTemplate":"https:\/\/accidentchiropractoryakima.com\/?s={search_term_string}"},"query-input":{"@type":"PropertyValueSpecification","valueRequired":true,"valueName":"search_term_string"}}],"inLanguage":"es"},{"@type":"ImageObject","inLanguage":"es","@id":"https:\/\/accidentchiropractoryakima.com\/patient-forms\/#local-main-organization-logo","url":"","contentUrl":"","caption":"Accidentchiros"}]}},"_links":{"self":[{"href":"https:\/\/accidentchiropractoryakima.com\/es\/wp-json\/wp\/v2\/pages\/864","targetHints":{"allow":["GET"]}}],"collection":[{"href":"https:\/\/accidentchiropractoryakima.com\/es\/wp-json\/wp\/v2\/pages"}],"about":[{"href":"https:\/\/accidentchiropractoryakima.com\/es\/wp-json\/wp\/v2\/types\/page"}],"author":[{"embeddable":true,"href":"https:\/\/accidentchiropractoryakima.com\/es\/wp-json\/wp\/v2\/users\/1"}],"replies":[{"embeddable":true,"href":"https:\/\/accidentchiropractoryakima.com\/es\/wp-json\/wp\/v2\/comments?post=864"}],"version-history":[{"count":0,"href":"https:\/\/accidentchiropractoryakima.com\/es\/wp-json\/wp\/v2\/pages\/864\/revisions"}],"wp:attachment":[{"href":"https:\/\/accidentchiropractoryakima.com\/es\/wp-json\/wp\/v2\/media?parent=864"}],"curies":[{"name":"wp","href":"https:\/\/api.w.org\/{rel}","templated":true}]}}