{"id":786,"date":"2021-09-02T04:21:16","date_gmt":"2021-09-02T04:21:16","guid":{"rendered":"https:\/\/accidentchiropractoryakima.com\/?page_id=786"},"modified":"2026-02-13T09:48:16","modified_gmt":"2026-02-13T09:48:16","slug":"family-chiropractic","status":"publish","type":"page","link":"https:\/\/accidentchiropractoryakima.com\/es\/quiropractica-familiar\/","title":{"rendered":"Quiropr\u00e1ctica Familiar"},"content":{"rendered":"<p><section class=\"fw-main-row\"   >\n\t<div class=\"fw-container-fluid no-padding\">\n\t\t<div class=\"fw-row\">\n\t\n<div class=\"fw-col-xs-12\" style=\"\">\n\t<section class=\"banner-block banner-block-69e0a487dab51 fw-main-row\" style=\"height:350px;\">\n\t\t<div class=\"item dark-bg\"  style=\"height:350px;background-image: url(\/\/accidentchiropractoryakima.com\/wp-content\/uploads\/2021\/09\/Screenshot-11.png);\">\n\t\t<div class=\"fw-container centered-container tac\">\n\t\t\t\t\t\t<h5>Quiropr\u00e1ctica de accidentes \u2022 \u00a1Cont\u00e1ctenos hoy!<\/h5>\n\t\t\t\t\t\t<h2 class=\"h1 heading-decor big\"><span>Quiropr\u00e1ctica Familiar<\/span><\/h2>\n\t\t\t\t\t<\/div>\n\t<\/div>\n\t<\/section><\/div>\n<\/div>\n\n\t<\/div>\n<\/section><section class=\"fw-main-row\"  style=\"padding-top:40px;padding-bottom:50px;\" >\n\t<div class=\"fw-container\">\n\t\t<div class=\"fw-row\">\n\t\n<div class=\"fw-col-xs-12\" style=\"\">\n\t<h2 class='fw-special-title heading-decor tac' style=''>\n\t<span>Atenci\u00f3n quiropr\u00e1ctica familiar para pacientes de todas las edades<\/span>\n\t<\/h2><\/div>\n<\/div>\n\n<div class=\"fw-row\">\n\t\n<div class=\"fw-col-xs-12 fw-col-sm-6\" style=\"\">\n\t\n<p><img decoding=\"async\" class=\"alignnone size-full wp-image-790\" src=\"https:\/\/accidentchiropractoryakima.com\/wp-content\/uploads\/2021\/09\/Family-Chiropractor-in-Yakima-and-Pasco.png\" alt=\"\" width=\"900\" height=\"400\" srcset=\"https:\/\/accidentchiropractoryakima.com\/wp-content\/uploads\/2021\/09\/Family-Chiropractor-in-Yakima-and-Pasco.png 900w, https:\/\/accidentchiropractoryakima.com\/wp-content\/uploads\/2021\/09\/Family-Chiropractor-in-Yakima-and-Pasco-600x267.png 600w, https:\/\/accidentchiropractoryakima.com\/wp-content\/uploads\/2021\/09\/Family-Chiropractor-in-Yakima-and-Pasco-300x133.png 300w, https:\/\/accidentchiropractoryakima.com\/wp-content\/uploads\/2021\/09\/Family-Chiropractor-in-Yakima-and-Pasco-768x341.png 768w\" sizes=\"(max-width: 900px) 100vw, 900px\" \/><\/p>\n<\/div>\n\n<div class=\"fw-col-xs-12 fw-col-sm-6\" style=\"\">\n\t\t<div class=\"content\">\n\n<p data-uw-styling-context=\"true\"><span style=\"font-size: 12pt; font-family: georgia, palatino, serif;\">Family Chiropractic in Yakima, WA: <span style=\"font-weight: 400;\">Have you considered chiropractic care for your kids? At Accident Chiropractic, our trusted family chiropractic centre is dedicated to protecting your child\u2019s health by ensuring their nervous system functions at its best. Children often bounce back quickly, but many parents may not realize the long-term effects of spinal misalignments that can develop at a young age.<\/span><\/span><\/p>\n\t<\/div>\n<\/div>\n<\/div>\n\n<div class=\"fw-row\">\n\t\n<div class=\"fw-col-xs-12\" style=\"\">\n\t\t<div class=\"content\">\n\n<p data-uw-styling-context=\"true\">Desde el momento en que se concibe a un ni\u00f1o, sus cuerpos crecen y se someten a estr\u00e9s. Mientras el ni\u00f1o crece, generalmente se acurruca en una bola y luego se empuja y\/o se saca durante el parto. Solo te pido que te tomes un segundo y pienses en c\u00f3mo te sentir\u00edas si hoy pasaras por ese tipo de experiencia. Todo este estr\u00e9s y trauma afecta nuestra columna vertebral, lo que puede provocar problemas con el sistema nervioso. El sistema nervioso de su hijo ayuda a controlar y regular todo en su cuerpo.<\/p>\n\t<\/div>\n<\/div>\n<\/div>\n\n\t<\/div>\n<\/section><section class=\"fw-main-row\"  style=\"background-color:#efefef;padding-top:40px;padding-bottom:40px;\" >\n\t<div class=\"fw-container\">\n\t\t<div class=\"fw-row\">\n\t\n<div class=\"fw-col-xs-12\" style=\"\">\n\t<h2 class='fw-special-title heading-decor tac' style=''>\n\t<span>Chiropractic for Kids in Yakima<\/span>\n\t<\/h2><\/div>\n<\/div>\n\n<div class=\"fw-row\">\n\t\n<div class=\"fw-col-xs-12\" style=\"\">\n\t\n<p data-uw-styling-context=\"true\"><a href=\"https:\/\/icpa4kids.com\/parent-portal\/\" target=\"_blank\" rel=\"noopener noreferrer\" data-uw-styling-context=\"true\">atenci\u00f3n quiropr\u00e1ctica<\/a>\u00a0puede ser \u00fatil para el desarrollo de su hijo. Despu\u00e9s del desarrollo y el nacimiento, el estr\u00e9s f\u00edsico y el trauma contin\u00faan cuando los ni\u00f1os se convierten en ni\u00f1os peque\u00f1os. Se enfrentan al desaf\u00edo del desarrollo de gatear y caminar. Mientras los ni\u00f1os est\u00e1n aprendiendo a superar estos desaf\u00edos, hay una cantidad significativa de esfuerzos, torsiones y ca\u00eddas. Esto es especialmente cierto mientras contin\u00faa el crecimiento y el ni\u00f1o comienza a tener la edad en la que juega con mascotas, amigos, familiares, etc.<\/p><p data-uw-styling-context=\"true\">A medida que los ni\u00f1os peque\u00f1os se convierten en ni\u00f1os, a menudo comienzan a desarrollar una mala postura, comienzan a practicar deportes de contacto, usan mochilas m\u00e1s pesadas (probablemente de manera incorrecta) y lidian con el estr\u00e9s de las responsabilidades m\u00e1s diarias. A medida que estos ni\u00f1os se vuelven adolescentes y se grad\u00faan de la escuela secundaria, a menudo se convierten en parte de la fuerza laboral, generalmente adquiriendo trabajos que requieren mucho movimiento y trabajo f\u00edsico, como servidores, trabajadores de f\u00e1bricas, etc.<br \/> <br \/>En Accident Chiropractic, hacemos un punto para asegurarnos de que todas las ca\u00eddas, el estr\u00e9s, el trauma y las demandas f\u00edsicas que soportan sus hijos no les impidan ser ni\u00f1os. Nos encanta tratar a ni\u00f1os de todas las edades. Como padre, desea proteger a su hijo del dolor y la enfermedad tanto como pueda. \u00a1Conseguimos eso! \u00a1Dejanos ayudarte! El cuidado quiropr\u00e1ctico tiene que ver con proteger su cuerpo de cualquier da\u00f1o. Nuestros ex\u00e1menes son extensos, por lo que incluso si su hijo es demasiado peque\u00f1o para comunicarse o demasiado t\u00edmido, nos aseguraremos de saber exactamente qu\u00e9 est\u00e1 pasando antes de continuar con el tratamiento si es necesario. No solo eso, nos aseguraremos de que sepa lo que sucede en cada paso del camino.<\/p>\n<\/div>\n<\/div>\n\n\t<\/div>\n<\/section><section class=\"fw-main-row\"  style=\"background-color:#ba0000;padding-top:40px;padding-bottom:40px;\" >\n\t<div class=\"fw-container\">\n\t\t<div class=\"fw-row\">\n\t\n<div class=\"fw-col-xs-12 fw-col-sm-6\" style=\"\">\n\t\n<div class=\"w-actionbox-text\"><h2 class=\"w-actionbox-title\" data-uw-styling-context=\"true\"><span style=\"color: #ffffff;\">Ahora aceptando nuevos pacientes<\/span><\/h2><\/div>\n<\/div>\n\n<div class=\"fw-col-xs-12 fw-col-sm-6\" style=\"\">\n\t<div class=\"tac\">\n\t\t\t\t\t\t<a href=\"https:\/\/accidentchiropractoryakima.com\/es\/yakima-quiropractico\/\" target=\"_self\" class=\"button-style1\" style=\"\">\n\t\t\t\t<span>CONTACTO YAKIMA<\/span>\n\t\t\t<\/a>\n\t\t\t<\/div><\/div>\n<\/div>\n\n\t<\/div>\n<\/section><\/p>","protected":false},"excerpt":{"rendered":"<p>Accident Chiropractic \u2022 Contact us today! Family Chiropractic Family Chiropractic Care for Patients of All Ages Family Chiropractic in Yakima, WA: Have you considered chiropractic care for your kids? At Accident Chiropractic, our trusted family chiropractic centre is dedicated to protecting your child\u2019s health by ensuring their nervous system functions at its best. Children often [&hellip;]<\/p>","protected":false},"author":1,"featured_media":0,"parent":0,"menu_order":0,"comment_status":"closed","ping_status":"closed","template":"page-landing.php","meta":{"footnotes":""},"class_list":["post-786","page","type-page","status-publish","hentry"],"acf":[],"_links":{"self":[{"href":"https:\/\/accidentchiropractoryakima.com\/es\/wp-json\/wp\/v2\/pages\/786","targetHints":{"allow":["GET"]}}],"collection":[{"href":"https:\/\/accidentchiropractoryakima.com\/es\/wp-json\/wp\/v2\/pages"}],"about":[{"href":"https:\/\/accidentchiropractoryakima.com\/es\/wp-json\/wp\/v2\/types\/page"}],"author":[{"embeddable":true,"href":"https:\/\/accidentchiropractoryakima.com\/es\/wp-json\/wp\/v2\/users\/1"}],"replies":[{"embeddable":true,"href":"https:\/\/accidentchiropractoryakima.com\/es\/wp-json\/wp\/v2\/comments?post=786"}],"version-history":[{"count":0,"href":"https:\/\/accidentchiropractoryakima.com\/es\/wp-json\/wp\/v2\/pages\/786\/revisions"}],"wp:attachment":[{"href":"https:\/\/accidentchiropractoryakima.com\/es\/wp-json\/wp\/v2\/media?parent=786"}],"curies":[{"name":"wp","href":"https:\/\/api.w.org\/{rel}","templated":true}]}}