{"id":781,"date":"2021-09-02T04:20:10","date_gmt":"2021-09-02T04:20:10","guid":{"rendered":"https:\/\/accidentchiropractoryakima.com\/?page_id=781"},"modified":"2025-03-26T10:49:40","modified_gmt":"2025-03-26T10:49:40","slug":"kinesio-taping","status":"publish","type":"page","link":"https:\/\/accidentchiropractoryakima.com\/es\/kinesio-taping\/","title":{"rendered":"Cinta Kinesio\u00ae"},"content":{"rendered":"<p><section class=\"fw-main-row\"   >\n\t<div class=\"fw-container-fluid no-padding\">\n\t\t<div class=\"fw-row\">\n\t\n<div class=\"fw-col-xs-12\" style=\"\">\n\t<section class=\"banner-block banner-block-69e604a4e6c16 fw-main-row\" style=\"height:350px;\">\n\t\t<div class=\"item dark-bg\"  style=\"height:350px;background-image: url(\/\/accidentchiropractoryakima.com\/wp-content\/uploads\/2021\/09\/Screenshot-10.png);\">\n\t\t<div class=\"fw-container centered-container tac\">\n\t\t\t\t\t\t<h5>Quiropr\u00e1ctica de accidentes \u2022 \u00a1Cont\u00e1ctenos hoy!<\/h5>\n\t\t\t\t\t\t<h2 class=\"h1 heading-decor big\"><span>Cinta Kinesio\u00ae<\/span><\/h2>\n\t\t\t\t\t<\/div>\n\t<\/div>\n\t<\/section><\/div>\n<\/div>\n\n\t<\/div>\n<\/section><section class=\"fw-main-row\"  style=\"padding-top:40px;padding-bottom:50px;\" >\n\t<div class=\"fw-container\">\n\t\t<div class=\"fw-row\">\n\t\n<div class=\"fw-col-xs-12\" style=\"\">\n\t<h2 class='fw-special-title heading-decor tac' style=''>\n\t<span>Kinesio\u00ae Taping para aliviar el dolor de espalda, dolor de espalda y m\u00e1s sin cirug\u00eda ni medicamentos<\/span>\n\t<\/h2><\/div>\n<\/div>\n\n<div class=\"fw-row\">\n\t\n<div class=\"fw-col-xs-12 fw-col-sm-6\" style=\"\">\n\t\n<p><img decoding=\"async\" class=\"alignnone size-full wp-image-783\" src=\"https:\/\/accidentchiropractoryakima.com\/wp-content\/uploads\/2021\/09\/Kinesio\u00ae-Taping-Yakima-and-Pasco.png\" alt=\"\" width=\"900\" height=\"400\" srcset=\"https:\/\/accidentchiropractoryakima.com\/wp-content\/uploads\/2021\/09\/Kinesio\u00ae-Taping-Yakima-and-Pasco.png 900w, https:\/\/accidentchiropractoryakima.com\/wp-content\/uploads\/2021\/09\/Kinesio\u00ae-Taping-Yakima-and-Pasco-600x267.png 600w, https:\/\/accidentchiropractoryakima.com\/wp-content\/uploads\/2021\/09\/Kinesio\u00ae-Taping-Yakima-and-Pasco-300x133.png 300w, https:\/\/accidentchiropractoryakima.com\/wp-content\/uploads\/2021\/09\/Kinesio\u00ae-Taping-Yakima-and-Pasco-768x341.png 768w\" sizes=\"(max-width: 900px) 100vw, 900px\" \/><\/p>\n<\/div>\n\n<div class=\"fw-col-xs-12 fw-col-sm-6\" style=\"\">\n\t\t<div class=\"content\">\n\n<p data-uw-styling-context=\"true\"><strong data-uw-styling-context=\"true\">Kinesio\u00ae Taping in Yakima, WA:<\/strong>\u00a0Accident Chiropractic trabaja con kinesio\u00ae taping para promover la curaci\u00f3n y mejorar el rendimiento deportivo. La t\u00e9cnica utilizada para aplicar la cinta est\u00e1 dise\u00f1ada para brindar a las articulaciones y los m\u00fasculos el soporte adicional y la estabilidad que necesitan, todo mientras trabaja para facilitar la curaci\u00f3n en el \u00e1rea afectada.<\/p>\n\t<\/div>\n<\/div>\n<\/div>\n\n\t<\/div>\n<\/section><section class=\"fw-main-row\"  style=\"background-color:#efefef;padding-top:40px;padding-bottom:40px;\" >\n\t<div class=\"fw-container\">\n\t\t<div class=\"fw-row\">\n\t\n<div class=\"fw-col-xs-12\" style=\"\">\n\t<h2 class='fw-special-title heading-decor tac' style=''>\n\t<span>Kinesio\u00ae Taping en Accident Chiropractic<\/span>\n\t<\/h2><\/div>\n<\/div>\n\n<div class=\"fw-row\">\n\t\n<div class=\"fw-col-xs-12\" style=\"\">\n\t\n<p data-uw-styling-context=\"true\">El m\u00e9todo de vendaje Kinesio\u00ae es una t\u00e9cnica de vendaje de rehabilitaci\u00f3n definitiva que est\u00e1 dise\u00f1ada para facilitar el proceso de curaci\u00f3n natural del cuerpo mientras proporciona apoyo y estabilidad a los m\u00fasculos y las articulaciones sin restringir el rango de movimiento del cuerpo. Tambi\u00e9n proporciona manipulaci\u00f3n extendida de tejidos blandos para prolongar los beneficios de la terapia manual administrada dentro del entorno cl\u00ednico.<\/p><p data-uw-styling-context=\"true\">Sin l\u00e1tex y usable durante d\u00edas, el vendaje Kinesio\u00ae es seguro para poblaciones que van desde pedi\u00e1tricas hasta geri\u00e1tricas, y trata con \u00e9xito una variedad de afecciones ortop\u00e9dicas, neuromusculares, neurol\u00f3gicas y otras afecciones m\u00e9dicas. Al actuar sobre diferentes receptores dentro del sistema somatosensorial, el vendaje Kinesio\u00ae alivia el dolor y facilita el drenaje linf\u00e1tico al levantar microsc\u00f3picamente la piel. Este efecto de elevaci\u00f3n forma circunvoluciones en la piel aumentando as\u00ed el espacio intersticial y permitiendo una disminuci\u00f3n de la inflamaci\u00f3n de las \u00e1reas afectadas.<\/p>\n<\/div>\n<\/div>\n\n\t<\/div>\n<\/section><section class=\"fw-main-row\"  style=\"background-color:#ba0000;padding-top:40px;padding-bottom:40px;\" >\n\t<div class=\"fw-container\">\n\t\t<div class=\"fw-row\">\n\t\n<div class=\"fw-col-xs-12 fw-col-sm-6\" style=\"\">\n\t\n<div class=\"w-actionbox-text\"><h2 class=\"w-actionbox-title\" data-uw-styling-context=\"true\"><span style=\"color: #ffffff;\">Ahora aceptando nuevos pacientes<\/span><\/h2><\/div>\n<\/div>\n\n<div class=\"fw-col-xs-12 fw-col-sm-6\" style=\"\">\n\t<div class=\"tac\">\n\t\t\t\t\t\t<a href=\"https:\/\/accidentchiropractoryakima.com\/es\/yakima-quiropractico\/\" target=\"_self\" class=\"button-style1\" style=\"\">\n\t\t\t\t<span>CONTACTO YAKIMA<\/span>\n\t\t\t<\/a>\n\t\t\t<\/div><\/div>\n<\/div>\n\n\t<\/div>\n<\/section><\/p>","protected":false},"excerpt":{"rendered":"<p>Accident Chiropractic \u2022 Contact us today! Kinesio\u00ae Taping Kinesio\u00ae Taping to Alleviate Back Pain, Beck Pain &amp; More Without Surgery or Medication Kinesio\u00ae Taping in Yakima, WA:\u00a0Accident Chiropractic works with kinesio\u00ae taping to promote healing and improve sports performance. The technique used to apply the tape is designed to give joints and muscles the additional [&hellip;]<\/p>","protected":false},"author":1,"featured_media":0,"parent":0,"menu_order":0,"comment_status":"closed","ping_status":"closed","template":"page-landing.php","meta":{"footnotes":""},"class_list":["post-781","page","type-page","status-publish","hentry"],"acf":[],"yoast_head":"<!-- This site is optimized with the Yoast SEO Premium plugin v17.9 (Yoast SEO v27.3) - https:\/\/yoast.com\/product\/yoast-seo-premium-wordpress\/ -->\n<title>Kinesio\u00ae Taping: Pain Relief at Accident Chiropractic<\/title>\n<meta name=\"description\" content=\"Discover Kinesio\u00ae Taping at Accident Chiropractic in Yakima, WA. Enhance healing, support muscles and joints, and improve performance. Safe for all ages.\" \/>\n<meta name=\"robots\" content=\"index, follow, max-snippet:-1, max-image-preview:large, max-video-preview:-1\" \/>\n<link rel=\"canonical\" href=\"https:\/\/accidentchiropractoryakima.com\/es\/kinesio-taping\/\" \/>\n<meta property=\"og:locale\" content=\"es_MX\" \/>\n<meta property=\"og:type\" content=\"article\" \/>\n<meta property=\"og:title\" content=\"Kinesio\u00ae Taping\" \/>\n<meta property=\"og:description\" content=\"Discover Kinesio\u00ae Taping at Accident Chiropractic in Yakima, WA. Enhance healing, support muscles and joints, and improve performance. Safe for all ages.\" \/>\n<meta property=\"og:url\" content=\"https:\/\/accidentchiropractoryakima.com\/es\/kinesio-taping\/\" \/>\n<meta property=\"og:site_name\" content=\"Accidentchiros\" \/>\n<meta property=\"article:modified_time\" content=\"2025-03-26T10:49:40+00:00\" \/>\n<meta name=\"twitter:card\" content=\"summary_large_image\" \/>\n<meta name=\"twitter:label1\" content=\"Tiempo de lectura\" \/>\n\t<meta name=\"twitter:data1\" content=\"2 minutos\" \/>\n<script type=\"application\/ld+json\" class=\"yoast-schema-graph\">{\"@context\":\"https:\\\/\\\/schema.org\",\"@graph\":[{\"@type\":\"WebPage\",\"@id\":\"https:\\\/\\\/accidentchiropractoryakima.com\\\/kinesio-taping\\\/\",\"url\":\"https:\\\/\\\/accidentchiropractoryakima.com\\\/kinesio-taping\\\/\",\"name\":\"Kinesio\u00ae Taping: Pain Relief at Accident Chiropractic\",\"isPartOf\":{\"@id\":\"https:\\\/\\\/accidentchiropractoryakima.com\\\/#website\"},\"datePublished\":\"2021-09-02T04:20:10+00:00\",\"dateModified\":\"2025-03-26T10:49:40+00:00\",\"description\":\"Discover Kinesio\u00ae Taping at Accident Chiropractic in Yakima, WA. Enhance healing, support muscles and joints, and improve performance. Safe for all ages.\",\"breadcrumb\":{\"@id\":\"https:\\\/\\\/accidentchiropractoryakima.com\\\/kinesio-taping\\\/#breadcrumb\"},\"inLanguage\":\"es\",\"potentialAction\":[{\"@type\":\"ReadAction\",\"target\":[\"https:\\\/\\\/accidentchiropractoryakima.com\\\/kinesio-taping\\\/\"]}]},{\"@type\":\"BreadcrumbList\",\"@id\":\"https:\\\/\\\/accidentchiropractoryakima.com\\\/kinesio-taping\\\/#breadcrumb\",\"itemListElement\":[{\"@type\":\"ListItem\",\"position\":1,\"name\":\"Home\",\"item\":\"https:\\\/\\\/accidentchiropractoryakima.com\\\/\"},{\"@type\":\"ListItem\",\"position\":2,\"name\":\"Kinesio\u00ae Taping\"}]},{\"@type\":\"WebSite\",\"@id\":\"https:\\\/\\\/accidentchiropractoryakima.com\\\/#website\",\"url\":\"https:\\\/\\\/accidentchiropractoryakima.com\\\/\",\"name\":\"Accidentchiros\",\"description\":\"My WordPress Blog\",\"potentialAction\":[{\"@type\":\"SearchAction\",\"target\":{\"@type\":\"EntryPoint\",\"urlTemplate\":\"https:\\\/\\\/accidentchiropractoryakima.com\\\/?s={search_term_string}\"},\"query-input\":{\"@type\":\"PropertyValueSpecification\",\"valueRequired\":true,\"valueName\":\"search_term_string\"}}],\"inLanguage\":\"es\"},{\"@type\":\"ImageObject\",\"inLanguage\":\"es\",\"@id\":\"https:\\\/\\\/accidentchiropractoryakima.com\\\/kinesio-taping\\\/#local-main-organization-logo\",\"url\":\"\",\"contentUrl\":\"\",\"caption\":\"Accidentchiros\"}]}<\/script>\n<!-- \/ Yoast SEO Premium plugin. -->","yoast_head_json":{"title":"Kinesio\u00ae Taping: Pain Relief at Accident Chiropractic","description":"Discover Kinesio\u00ae Taping at Accident Chiropractic in Yakima, WA. Enhance healing, support muscles and joints, and improve performance. Safe for all ages.","robots":{"index":"index","follow":"follow","max-snippet":"max-snippet:-1","max-image-preview":"max-image-preview:large","max-video-preview":"max-video-preview:-1"},"canonical":"https:\/\/accidentchiropractoryakima.com\/es\/kinesio-taping\/","og_locale":"es_MX","og_type":"article","og_title":"Kinesio\u00ae Taping","og_description":"Discover Kinesio\u00ae Taping at Accident Chiropractic in Yakima, WA. Enhance healing, support muscles and joints, and improve performance. Safe for all ages.","og_url":"https:\/\/accidentchiropractoryakima.com\/es\/kinesio-taping\/","og_site_name":"Accidentchiros","article_modified_time":"2025-03-26T10:49:40+00:00","twitter_card":"summary_large_image","twitter_misc":{"Tiempo de lectura":"2 minutos"},"schema":{"@context":"https:\/\/schema.org","@graph":[{"@type":"WebPage","@id":"https:\/\/accidentchiropractoryakima.com\/kinesio-taping\/","url":"https:\/\/accidentchiropractoryakima.com\/kinesio-taping\/","name":"Kinesio\u00ae Taping: Pain Relief at Accident Chiropractic","isPartOf":{"@id":"https:\/\/accidentchiropractoryakima.com\/#website"},"datePublished":"2021-09-02T04:20:10+00:00","dateModified":"2025-03-26T10:49:40+00:00","description":"Discover Kinesio\u00ae Taping at Accident Chiropractic in Yakima, WA. Enhance healing, support muscles and joints, and improve performance. Safe for all ages.","breadcrumb":{"@id":"https:\/\/accidentchiropractoryakima.com\/kinesio-taping\/#breadcrumb"},"inLanguage":"es","potentialAction":[{"@type":"ReadAction","target":["https:\/\/accidentchiropractoryakima.com\/kinesio-taping\/"]}]},{"@type":"BreadcrumbList","@id":"https:\/\/accidentchiropractoryakima.com\/kinesio-taping\/#breadcrumb","itemListElement":[{"@type":"ListItem","position":1,"name":"Home","item":"https:\/\/accidentchiropractoryakima.com\/"},{"@type":"ListItem","position":2,"name":"Kinesio\u00ae Taping"}]},{"@type":"WebSite","@id":"https:\/\/accidentchiropractoryakima.com\/#website","url":"https:\/\/accidentchiropractoryakima.com\/","name":"Accidentchiros","description":"My WordPress Blog","potentialAction":[{"@type":"SearchAction","target":{"@type":"EntryPoint","urlTemplate":"https:\/\/accidentchiropractoryakima.com\/?s={search_term_string}"},"query-input":{"@type":"PropertyValueSpecification","valueRequired":true,"valueName":"search_term_string"}}],"inLanguage":"es"},{"@type":"ImageObject","inLanguage":"es","@id":"https:\/\/accidentchiropractoryakima.com\/kinesio-taping\/#local-main-organization-logo","url":"","contentUrl":"","caption":"Accidentchiros"}]}},"_links":{"self":[{"href":"https:\/\/accidentchiropractoryakima.com\/es\/wp-json\/wp\/v2\/pages\/781","targetHints":{"allow":["GET"]}}],"collection":[{"href":"https:\/\/accidentchiropractoryakima.com\/es\/wp-json\/wp\/v2\/pages"}],"about":[{"href":"https:\/\/accidentchiropractoryakima.com\/es\/wp-json\/wp\/v2\/types\/page"}],"author":[{"embeddable":true,"href":"https:\/\/accidentchiropractoryakima.com\/es\/wp-json\/wp\/v2\/users\/1"}],"replies":[{"embeddable":true,"href":"https:\/\/accidentchiropractoryakima.com\/es\/wp-json\/wp\/v2\/comments?post=781"}],"version-history":[{"count":0,"href":"https:\/\/accidentchiropractoryakima.com\/es\/wp-json\/wp\/v2\/pages\/781\/revisions"}],"wp:attachment":[{"href":"https:\/\/accidentchiropractoryakima.com\/es\/wp-json\/wp\/v2\/media?parent=781"}],"curies":[{"name":"wp","href":"https:\/\/api.w.org\/{rel}","templated":true}]}}