{"id":775,"date":"2021-09-02T04:13:03","date_gmt":"2021-09-02T04:13:03","guid":{"rendered":"https:\/\/accidentchiropractoryakima.com\/?page_id=775"},"modified":"2025-03-26T10:47:48","modified_gmt":"2025-03-26T10:47:48","slug":"traction","status":"publish","type":"page","link":"https:\/\/accidentchiropractoryakima.com\/es\/traccion\/","title":{"rendered":"Tracci\u00f3n"},"content":{"rendered":"<p><section class=\"fw-main-row\"   >\n\t<div class=\"fw-container-fluid no-padding\">\n\t\t<div class=\"fw-row\">\n\t\n<div class=\"fw-col-xs-12\" style=\"\">\n\t<section class=\"banner-block banner-block-69e6046c3c178 fw-main-row\" style=\"height:350px;\">\n\t\t<div class=\"item dark-bg\"  style=\"height:350px;background-image: url(\/\/accidentchiropractoryakima.com\/wp-content\/uploads\/2021\/09\/Screenshot-9.png);\">\n\t\t<div class=\"fw-container centered-container tac\">\n\t\t\t\t\t\t<h5>Quiropr\u00e1ctica de accidentes \u2022 \u00a1Cont\u00e1ctenos hoy!<\/h5>\n\t\t\t\t\t\t<h2 class=\"h1 heading-decor big\"><span>Terapia de Masajes<\/span><\/h2>\n\t\t\t\t\t<\/div>\n\t<\/div>\n\t<\/section><\/div>\n<\/div>\n\n\t<\/div>\n<\/section><section class=\"fw-main-row\"  style=\"padding-top:40px;padding-bottom:50px;\" >\n\t<div class=\"fw-container\">\n\t\t<div class=\"fw-row\">\n\t\n<div class=\"fw-col-xs-12\" style=\"\">\n\t<h2 class='fw-special-title heading-decor tac' style=''>\n\t<span>Tracci\u00f3n para dolor de espalda, dolor de cuello, latigazo cervical, discos herniados y m\u00e1s<\/span>\n\t<\/h2><\/div>\n<\/div>\n\n<div class=\"fw-row\">\n\t\n<div class=\"fw-col-xs-12 fw-col-sm-6\" style=\"\">\n\t\n<p><img decoding=\"async\" class=\"alignnone size-full wp-image-779\" src=\"https:\/\/accidentchiropractoryakima.com\/wp-content\/uploads\/2021\/09\/Spinal-Traction-in-Yakima-Pasco-WA.png\" alt=\"\" width=\"900\" height=\"400\" srcset=\"https:\/\/accidentchiropractoryakima.com\/wp-content\/uploads\/2021\/09\/Spinal-Traction-in-Yakima-Pasco-WA.png 900w, https:\/\/accidentchiropractoryakima.com\/wp-content\/uploads\/2021\/09\/Spinal-Traction-in-Yakima-Pasco-WA-600x267.png 600w, https:\/\/accidentchiropractoryakima.com\/wp-content\/uploads\/2021\/09\/Spinal-Traction-in-Yakima-Pasco-WA-300x133.png 300w, https:\/\/accidentchiropractoryakima.com\/wp-content\/uploads\/2021\/09\/Spinal-Traction-in-Yakima-Pasco-WA-768x341.png 768w\" sizes=\"(max-width: 900px) 100vw, 900px\" \/><\/p>\n<\/div>\n\n<div class=\"fw-col-xs-12 fw-col-sm-6\" style=\"\">\n\t\t<div class=\"content\">\n\n<p data-uw-styling-context=\"true\"><strong data-uw-styling-context=\"true\">Traction in Yakima, WA:<\/strong>\u00a0Accident Chiropractic ofrece tracci\u00f3n como una alternativa m\u00e1s segura para quienes sufren de dolor de espalda cr\u00f3nico. Nuestros quiropr\u00e1cticos valoran la salud y el bienestar de nuestros pacientes y enfatizan su recuperaci\u00f3n a largo plazo. Entienden lo doloroso y debilitante que puede ser el dolor de espalda y que el dolor cr\u00f3nico puede afectar todos los aspectos de la vida de una persona, as\u00ed como su funci\u00f3n diaria. Nuestro quiropr\u00e1ctico utiliza equipos de \u00faltima generaci\u00f3n para brindar terapia de descompresi\u00f3n espinal a los pacientes.<\/p>\n\t<\/div>\n<\/div>\n<\/div>\n\n\t<\/div>\n<\/section><section class=\"fw-main-row\"  style=\"background-color:#efefef;padding-top:40px;padding-bottom:40px;\" >\n\t<div class=\"fw-container\">\n\t\t<div class=\"fw-row\">\n\t\n<div class=\"fw-col-xs-12\" style=\"\">\n\t<h2 class='fw-special-title heading-decor tac' style=''>\n\t<span>Mesa de tracci\u00f3n en Accident Chiropractic<\/span>\n\t<\/h2><\/div>\n<\/div>\n\n<div class=\"fw-row\">\n\t\n<div class=\"fw-col-xs-12\" style=\"\">\n\t\n<p data-uw-styling-context=\"true\">La terapia de descompresi\u00f3n axial vertebral es un procedimiento alternativo, conservador y no invasivo de aplicar tracci\u00f3n axial a la columna vertebral. La tracci\u00f3n de descompresi\u00f3n se usa en el tratamiento de varias afecciones, incluido el dolor lumbar o de cuello asociado con: hernia de disco, enfermedad degenerativa del disco, s\u00edndrome de la faceta posterior y ci\u00e1tica.<\/p>\n<\/div>\n<\/div>\n\n\t<\/div>\n<\/section><section class=\"fw-main-row\"  style=\"padding-top:40px;padding-bottom:40px;\" >\n\t<div class=\"fw-container\">\n\t\t<div class=\"fw-row\">\n\t\n<div class=\"fw-col-xs-12\" style=\"\">\n\t<h2 class='fw-special-title heading-decor tac' style=''>\n\t<span>Ventajas de recibir terapia de descompresi\u00f3n por tracci\u00f3n<\/span>\n\t<\/h2><\/div>\n<\/div>\n\n<div class=\"fw-row\">\n\t\n<div class=\"fw-col-xs-12\" style=\"\">\n\t\n<p data-uw-styling-context=\"true\">Los mayores beneficios de la terapia de descompresi\u00f3n espinal no quir\u00fargica son que es un tratamiento alternativo no invasivo y libre de drogas que ha demostrado su eficacia en una amplia variedad de pacientes. El procedimiento es relativamente indoloro y, por lo general, brinda alivio inmediato del dolor a las personas con dolor debilitante de espalda o cuello. El alivio de la presi\u00f3n tambi\u00e9n puede ayudar a sanar naturalmente los discos y los nervios que se encuentran en la columna vertebral. La descompresi\u00f3n espinal no solo restaura la alineaci\u00f3n de la columna de su cuerpo, sino que tambi\u00e9n restaura la salud general de su columna. Dado que una columna vertebral correctamente alineada, completamente estirada e hidratada es esencial para la salud general de la espalda, la descompresi\u00f3n espinal es necesaria para ayudar a que la columna regrese o se acerque a su estado original antes de que ocurriera el dolor o la lesi\u00f3n.<\/p><p data-uw-styling-context=\"true\">Ya sea sentado c\u00f3modamente en el trabajo o la escuela, realizando sus rituales y tareas diarias, manteni\u00e9ndose f\u00edsicamente en forma y activo, o jugando con sus hijos o nietos, la descompresi\u00f3n espinal aliviar\u00e1 el dolor cr\u00f3nico que siente y le permitir\u00e1 volver a vivir su vida.<\/p>\n<\/div>\n<\/div>\n\n\t<\/div>\n<\/section><section class=\"fw-main-row\"  style=\"background-color:#ba0000;padding-top:40px;padding-bottom:40px;\" >\n\t<div class=\"fw-container\">\n\t\t<div class=\"fw-row\">\n\t\n<div class=\"fw-col-xs-12 fw-col-sm-6\" style=\"\">\n\t\n<div class=\"w-actionbox-text\"><h2 class=\"w-actionbox-title\" data-uw-styling-context=\"true\"><span style=\"color: #ffffff;\">Ahora aceptando nuevos pacientes<\/span><\/h2><\/div>\n<\/div>\n\n<div class=\"fw-col-xs-12 fw-col-sm-6\" style=\"\">\n\t<div class=\"tac\">\n\t\t\t\t\t\t<a href=\"https:\/\/accidentchiropractoryakima.com\/es\/yakima-quiropractico\/\" target=\"_self\" class=\"button-style1\" style=\"\">\n\t\t\t\t<span>CONTACTO YAKIMA<\/span>\n\t\t\t<\/a>\n\t\t\t<\/div><\/div>\n<\/div>\n\n\t<\/div>\n<\/section><\/p>","protected":false},"excerpt":{"rendered":"<p>Accident Chiropractic \u2022 Contact us today! Massage Therapy Traction for Back Pain, Neck Pain, Whiplash, Herniated Discs &amp; More Traction in Yakima, WA:\u00a0Accident Chiropractic offers traction as a safer alternative for chronic back pain sufferers. Our chiropractors value the health and well-being of our patients and emphasize their long term recovery. They understand how painful [&hellip;]<\/p>","protected":false},"author":1,"featured_media":0,"parent":0,"menu_order":0,"comment_status":"closed","ping_status":"closed","template":"page-landing.php","meta":{"footnotes":""},"class_list":["post-775","page","type-page","status-publish","hentry"],"acf":[],"yoast_head":"<!-- This site is optimized with the Yoast SEO Premium plugin v17.9 (Yoast SEO v27.3) - https:\/\/yoast.com\/product\/yoast-seo-premium-wordpress\/ -->\n<title>Spinal Decompression Therapy Yakima | Accident Chiropractic<\/title>\n<meta name=\"description\" content=\"Experience relief from back pain with spinal decompression therapy at Accident Chiropractic in Yakima. Non-invasive treatment for herniated discs and sciatica.\" \/>\n<meta name=\"robots\" content=\"index, follow, max-snippet:-1, max-image-preview:large, max-video-preview:-1\" \/>\n<link rel=\"canonical\" href=\"https:\/\/accidentchiropractoryakima.com\/es\/traccion\/\" \/>\n<meta property=\"og:locale\" content=\"es_MX\" \/>\n<meta property=\"og:type\" content=\"article\" \/>\n<meta property=\"og:title\" content=\"Traction\" \/>\n<meta property=\"og:description\" content=\"Experience relief from back pain with spinal decompression therapy at Accident Chiropractic in Yakima. Non-invasive treatment for herniated discs and sciatica.\" \/>\n<meta property=\"og:url\" content=\"https:\/\/accidentchiropractoryakima.com\/es\/traccion\/\" \/>\n<meta property=\"og:site_name\" content=\"Accidentchiros\" \/>\n<meta property=\"article:modified_time\" content=\"2025-03-26T10:47:48+00:00\" \/>\n<meta property=\"og:image\" content=\"https:\/\/accidentchiropractoryakima.com\/wp-content\/uploads\/2021\/09\/Spinal-Traction-in-Yakima-Pasco-WA.png\" \/>\n<meta name=\"twitter:card\" content=\"summary_large_image\" \/>\n<meta name=\"twitter:label1\" content=\"Tiempo de lectura\" \/>\n\t<meta name=\"twitter:data1\" content=\"2 minutos\" \/>\n<script type=\"application\/ld+json\" class=\"yoast-schema-graph\">{\"@context\":\"https:\\\/\\\/schema.org\",\"@graph\":[{\"@type\":\"WebPage\",\"@id\":\"https:\\\/\\\/accidentchiropractoryakima.com\\\/traction\\\/\",\"url\":\"https:\\\/\\\/accidentchiropractoryakima.com\\\/traction\\\/\",\"name\":\"Spinal Decompression Therapy Yakima | Accident Chiropractic\",\"isPartOf\":{\"@id\":\"https:\\\/\\\/accidentchiropractoryakima.com\\\/#website\"},\"primaryImageOfPage\":{\"@id\":\"https:\\\/\\\/accidentchiropractoryakima.com\\\/traction\\\/#primaryimage\"},\"image\":{\"@id\":\"https:\\\/\\\/accidentchiropractoryakima.com\\\/traction\\\/#primaryimage\"},\"thumbnailUrl\":\"https:\\\/\\\/accidentchiropractoryakima.com\\\/wp-content\\\/uploads\\\/2021\\\/09\\\/Spinal-Traction-in-Yakima-Pasco-WA.png\",\"datePublished\":\"2021-09-02T04:13:03+00:00\",\"dateModified\":\"2025-03-26T10:47:48+00:00\",\"description\":\"Experience relief from back pain with spinal decompression therapy at Accident Chiropractic in Yakima. Non-invasive treatment for herniated discs and sciatica.\",\"breadcrumb\":{\"@id\":\"https:\\\/\\\/accidentchiropractoryakima.com\\\/traction\\\/#breadcrumb\"},\"inLanguage\":\"es\",\"potentialAction\":[{\"@type\":\"ReadAction\",\"target\":[\"https:\\\/\\\/accidentchiropractoryakima.com\\\/traction\\\/\"]}]},{\"@type\":\"ImageObject\",\"inLanguage\":\"es\",\"@id\":\"https:\\\/\\\/accidentchiropractoryakima.com\\\/traction\\\/#primaryimage\",\"url\":\"https:\\\/\\\/accidentchiropractoryakima.com\\\/wp-content\\\/uploads\\\/2021\\\/09\\\/Spinal-Traction-in-Yakima-Pasco-WA.png\",\"contentUrl\":\"https:\\\/\\\/accidentchiropractoryakima.com\\\/wp-content\\\/uploads\\\/2021\\\/09\\\/Spinal-Traction-in-Yakima-Pasco-WA.png\"},{\"@type\":\"BreadcrumbList\",\"@id\":\"https:\\\/\\\/accidentchiropractoryakima.com\\\/traction\\\/#breadcrumb\",\"itemListElement\":[{\"@type\":\"ListItem\",\"position\":1,\"name\":\"Home\",\"item\":\"https:\\\/\\\/accidentchiropractoryakima.com\\\/\"},{\"@type\":\"ListItem\",\"position\":2,\"name\":\"Traction\"}]},{\"@type\":\"WebSite\",\"@id\":\"https:\\\/\\\/accidentchiropractoryakima.com\\\/#website\",\"url\":\"https:\\\/\\\/accidentchiropractoryakima.com\\\/\",\"name\":\"Accidentchiros\",\"description\":\"My WordPress Blog\",\"potentialAction\":[{\"@type\":\"SearchAction\",\"target\":{\"@type\":\"EntryPoint\",\"urlTemplate\":\"https:\\\/\\\/accidentchiropractoryakima.com\\\/?s={search_term_string}\"},\"query-input\":{\"@type\":\"PropertyValueSpecification\",\"valueRequired\":true,\"valueName\":\"search_term_string\"}}],\"inLanguage\":\"es\"},{\"@type\":\"ImageObject\",\"inLanguage\":\"es\",\"@id\":\"https:\\\/\\\/accidentchiropractoryakima.com\\\/traction\\\/#local-main-organization-logo\",\"url\":\"\",\"contentUrl\":\"\",\"caption\":\"Accidentchiros\"}]}<\/script>\n<!-- \/ Yoast SEO Premium plugin. -->","yoast_head_json":{"title":"Spinal Decompression Therapy Yakima | Accident Chiropractic","description":"Experience relief from back pain with spinal decompression therapy at Accident Chiropractic in Yakima. Non-invasive treatment for herniated discs and sciatica.","robots":{"index":"index","follow":"follow","max-snippet":"max-snippet:-1","max-image-preview":"max-image-preview:large","max-video-preview":"max-video-preview:-1"},"canonical":"https:\/\/accidentchiropractoryakima.com\/es\/traccion\/","og_locale":"es_MX","og_type":"article","og_title":"Traction","og_description":"Experience relief from back pain with spinal decompression therapy at Accident Chiropractic in Yakima. Non-invasive treatment for herniated discs and sciatica.","og_url":"https:\/\/accidentchiropractoryakima.com\/es\/traccion\/","og_site_name":"Accidentchiros","article_modified_time":"2025-03-26T10:47:48+00:00","og_image":[{"url":"https:\/\/accidentchiropractoryakima.com\/wp-content\/uploads\/2021\/09\/Spinal-Traction-in-Yakima-Pasco-WA.png","type":"","width":"","height":""}],"twitter_card":"summary_large_image","twitter_misc":{"Tiempo de lectura":"2 minutos"},"schema":{"@context":"https:\/\/schema.org","@graph":[{"@type":"WebPage","@id":"https:\/\/accidentchiropractoryakima.com\/traction\/","url":"https:\/\/accidentchiropractoryakima.com\/traction\/","name":"Spinal Decompression Therapy Yakima | Accident Chiropractic","isPartOf":{"@id":"https:\/\/accidentchiropractoryakima.com\/#website"},"primaryImageOfPage":{"@id":"https:\/\/accidentchiropractoryakima.com\/traction\/#primaryimage"},"image":{"@id":"https:\/\/accidentchiropractoryakima.com\/traction\/#primaryimage"},"thumbnailUrl":"https:\/\/accidentchiropractoryakima.com\/wp-content\/uploads\/2021\/09\/Spinal-Traction-in-Yakima-Pasco-WA.png","datePublished":"2021-09-02T04:13:03+00:00","dateModified":"2025-03-26T10:47:48+00:00","description":"Experience relief from back pain with spinal decompression therapy at Accident Chiropractic in Yakima. Non-invasive treatment for herniated discs and sciatica.","breadcrumb":{"@id":"https:\/\/accidentchiropractoryakima.com\/traction\/#breadcrumb"},"inLanguage":"es","potentialAction":[{"@type":"ReadAction","target":["https:\/\/accidentchiropractoryakima.com\/traction\/"]}]},{"@type":"ImageObject","inLanguage":"es","@id":"https:\/\/accidentchiropractoryakima.com\/traction\/#primaryimage","url":"https:\/\/accidentchiropractoryakima.com\/wp-content\/uploads\/2021\/09\/Spinal-Traction-in-Yakima-Pasco-WA.png","contentUrl":"https:\/\/accidentchiropractoryakima.com\/wp-content\/uploads\/2021\/09\/Spinal-Traction-in-Yakima-Pasco-WA.png"},{"@type":"BreadcrumbList","@id":"https:\/\/accidentchiropractoryakima.com\/traction\/#breadcrumb","itemListElement":[{"@type":"ListItem","position":1,"name":"Home","item":"https:\/\/accidentchiropractoryakima.com\/"},{"@type":"ListItem","position":2,"name":"Traction"}]},{"@type":"WebSite","@id":"https:\/\/accidentchiropractoryakima.com\/#website","url":"https:\/\/accidentchiropractoryakima.com\/","name":"Accidentchiros","description":"My WordPress Blog","potentialAction":[{"@type":"SearchAction","target":{"@type":"EntryPoint","urlTemplate":"https:\/\/accidentchiropractoryakima.com\/?s={search_term_string}"},"query-input":{"@type":"PropertyValueSpecification","valueRequired":true,"valueName":"search_term_string"}}],"inLanguage":"es"},{"@type":"ImageObject","inLanguage":"es","@id":"https:\/\/accidentchiropractoryakima.com\/traction\/#local-main-organization-logo","url":"","contentUrl":"","caption":"Accidentchiros"}]}},"_links":{"self":[{"href":"https:\/\/accidentchiropractoryakima.com\/es\/wp-json\/wp\/v2\/pages\/775","targetHints":{"allow":["GET"]}}],"collection":[{"href":"https:\/\/accidentchiropractoryakima.com\/es\/wp-json\/wp\/v2\/pages"}],"about":[{"href":"https:\/\/accidentchiropractoryakima.com\/es\/wp-json\/wp\/v2\/types\/page"}],"author":[{"embeddable":true,"href":"https:\/\/accidentchiropractoryakima.com\/es\/wp-json\/wp\/v2\/users\/1"}],"replies":[{"embeddable":true,"href":"https:\/\/accidentchiropractoryakima.com\/es\/wp-json\/wp\/v2\/comments?post=775"}],"version-history":[{"count":0,"href":"https:\/\/accidentchiropractoryakima.com\/es\/wp-json\/wp\/v2\/pages\/775\/revisions"}],"wp:attachment":[{"href":"https:\/\/accidentchiropractoryakima.com\/es\/wp-json\/wp\/v2\/media?parent=775"}],"curies":[{"name":"wp","href":"https:\/\/api.w.org\/{rel}","templated":true}]}}