{"id":768,"date":"2021-09-02T04:06:37","date_gmt":"2021-09-02T04:06:37","guid":{"rendered":"https:\/\/accidentchiropractoryakima.com\/?page_id=768"},"modified":"2026-02-04T07:53:56","modified_gmt":"2026-02-04T07:53:56","slug":"physical-therapy","status":"publish","type":"page","link":"https:\/\/accidentchiropractoryakima.com\/es\/terapia-fisica\/","title":{"rendered":"Terapia F\u00edsica"},"content":{"rendered":"<p><section class=\"fw-main-row\"   >\n\t<div class=\"fw-container-fluid no-padding\">\n\t\t<div class=\"fw-row\">\n\t\n<div class=\"fw-col-xs-12\" style=\"\">\n\t<section class=\"banner-block banner-block-69de66ca9e066 fw-main-row\" style=\"height:350px;\">\n\t\t<div class=\"item dark-bg\"  style=\"height:350px;background-image: url(\/\/accidentchiropractoryakima.com\/wp-content\/uploads\/2021\/09\/Screenshot-8.png);\">\n\t\t<div class=\"fw-container centered-container tac\">\n\t\t\t\t\t\t<h5>Quiropr\u00e1ctica de accidentes \u2022 \u00a1Cont\u00e1ctenos hoy!<\/h5>\n\t\t\t\t\t\t<h2 class=\"h1 heading-decor big\"><span>Terapia F\u00edsica<\/span><\/h2>\n\t\t\t\t\t<\/div>\n\t<\/div>\n\t<\/section><\/div>\n<\/div>\n\n\t<\/div>\n<\/section><section class=\"fw-main-row\"  style=\"padding-top:40px;padding-bottom:50px;\" >\n\t<div class=\"fw-container\">\n\t\t<div class=\"fw-row\">\n\t\n<div class=\"fw-col-xs-12\" style=\"\">\n\t<h2 class='fw-special-title heading-decor tac' style=''>\n\t<span>Fisioterapia para aliviar el dolor y lograr la m\u00e1xima funci\u00f3n y potencial de movimiento<\/span>\n\t<\/h2><\/div>\n<\/div>\n\n<div class=\"fw-row\">\n\t\n<div class=\"fw-col-xs-12 fw-col-sm-6\" style=\"\">\n\t\n<p><img decoding=\"async\" class=\"alignnone size-full wp-image-772\" src=\"https:\/\/accidentchiropractoryakima.com\/wp-content\/uploads\/2021\/09\/Physical-Therapy-in-Yakima-and-Pasco.png\" alt=\"\" width=\"900\" height=\"400\" srcset=\"https:\/\/accidentchiropractoryakima.com\/wp-content\/uploads\/2021\/09\/Physical-Therapy-in-Yakima-and-Pasco.png 900w, https:\/\/accidentchiropractoryakima.com\/wp-content\/uploads\/2021\/09\/Physical-Therapy-in-Yakima-and-Pasco-600x267.png 600w, https:\/\/accidentchiropractoryakima.com\/wp-content\/uploads\/2021\/09\/Physical-Therapy-in-Yakima-and-Pasco-300x133.png 300w, https:\/\/accidentchiropractoryakima.com\/wp-content\/uploads\/2021\/09\/Physical-Therapy-in-Yakima-and-Pasco-768x341.png 768w\" sizes=\"(max-width: 900px) 100vw, 900px\" \/><\/p>\n<\/div>\n\n<div class=\"fw-col-xs-12 fw-col-sm-6\" style=\"\">\n\t\t<div class=\"content\">\n\n<p data-uw-styling-context=\"true\"><strong data-uw-styling-context=\"true\">Physical Therapy in Yakima, WA:<\/strong>\u00a0Accident Chiropractic brinda fisioterapia como una terapia no invasiva que aborda problemas en los discos, articulaciones, nervios, tendones, m\u00fasculos, tendones y ligamentos. La fisioterapia tambi\u00e9n trabaja con lesiones deportivas que provocan dolor, debilidad y rigidez. Sabemos que no hay dos pacientes que tengan exactamente los mismos tipos de dolor. Hay algunos patrones comunes y predecibles. Sin embargo, la forma en que se presentan estos patrones siempre ser\u00e1 \u00fanica para cada individuo. Independientemente del plan de tratamiento, el objetivo para cada paciente es siempre el mismo: que el paciente recupere los niveles previos a la lesi\u00f3n en todos los aspectos de su estado f\u00edsico y que evite que se formen futuras lesiones.<\/p>\n\t<\/div>\n<\/div>\n<\/div>\n\n\t<\/div>\n<\/section><section class=\"fw-main-row\"  style=\"background-color:#efefef;padding-top:40px;padding-bottom:40px;\" >\n\t<div class=\"fw-container\">\n\t\t<div class=\"fw-row\">\n\t\n<div class=\"fw-col-xs-12\" style=\"\">\n\t<h2 class='fw-special-title heading-decor tac' style=''>\n\t<span>Ejercicios de rehabilitaci\u00f3n proporcionados en nuestra cl\u00ednica<\/span>\n\t<\/h2><\/div>\n<\/div>\n\n<div class=\"fw-row\">\n\t\n<div class=\"fw-col-xs-12\" style=\"\">\n\t\n<p data-uw-styling-context=\"true\">La vinculaci\u00f3n de la atenci\u00f3n en el consultorio y el hogar con los ejercicios prescritos reduce el tiempo y los costos de recuperaci\u00f3n al mismo tiempo que fortalece el cuerpo para evitar problemas repetidos. Como parte del plan de tratamiento de nuestros pacientes, nuestros quiropr\u00e1cticos le ense\u00f1ar\u00e1n movimientos simples que los pacientes pueden practicar por su cuenta. Ejercicios sencillos como rodar la pelota o la espuma, t\u00e1cticas de estabilidad y fortalecimiento, y ejercicios para cultivar una postura adecuada y corregir la tensi\u00f3n innecesaria.<\/p>\n<\/div>\n<\/div>\n\n\t<\/div>\n<\/section><section class=\"fw-main-row\"  style=\"padding-top:40px;padding-bottom:40px;\" >\n\t<div class=\"fw-container\">\n\t\t<div class=\"fw-row\">\n\t\n<div class=\"fw-col-xs-12\" style=\"\">\n\t<h2 class='fw-special-title heading-decor tac' style=''>\n\t<span>Ejercicios Terap\u00e9uticos en la Quiropr\u00e1ctica de Accidentes<\/span>\n\t<\/h2><\/div>\n<\/div>\n\n<div class=\"fw-row\">\n\t\n<div class=\"fw-col-xs-12\" style=\"\">\n\t\n<div class=\"vc_col-sm-8 wpb_column vc_column_container\"><div class=\"vc_column-inner\"><div class=\"wpb_wrapper\"><div class=\"wpb_text_column\"><div class=\"wpb_wrapper\"><p data-uw-styling-context=\"true\">Despu\u00e9s de la reducci\u00f3n de su dolor o molestias, nuestros quiropr\u00e1cticos pueden dise\u00f1ar un programa individual que incluir\u00e1 una serie de ejercicios de rehabilitaci\u00f3n realizados tanto en el consultorio como en el hogar para fortalecer y estirar los m\u00fasculos, ligamentos y tendones afectados. El objetivo de su m\u00e9dico es brindarle un alivio duradero del dolor y educarlo sobre c\u00f3mo prevenir la recurrencia del problema. Esto se logra mediante el uso de equipos de baja o alta tecnolog\u00eda. Los equipos de baja tecnolog\u00eda pueden ser dispositivos tan simples como paredes, puertas, tubos y pelotas de gimnasia. El equipo de alta tecnolog\u00eda est\u00e1 computarizado y es bastante complejo.<\/p><\/div><\/div><\/div><\/div><\/div>\n<\/div>\n<\/div>\n\n\t<\/div>\n<\/section><section class=\"fw-main-row\"  style=\"background-color:#ba0000;padding-top:40px;padding-bottom:40px;\" >\n\t<div class=\"fw-container\">\n\t\t<div class=\"fw-row\">\n\t\n<div class=\"fw-col-xs-12 fw-col-sm-6\" style=\"\">\n\t\n<div class=\"w-actionbox-text\"><h2 class=\"w-actionbox-title\" data-uw-styling-context=\"true\"><span style=\"color: #ffffff;\">Ahora aceptando nuevos pacientes<\/span><\/h2><\/div>\n<\/div>\n\n<div class=\"fw-col-xs-12 fw-col-sm-6\" style=\"\">\n\t<div class=\"tac\">\n\t\t\t\t\t\t<a href=\"https:\/\/accidentchiropractoryakima.com\/es\/yakima-quiropractico\/\" target=\"_self\" class=\"button-style1\" style=\"\">\n\t\t\t\t<span>CONTACTO YAKIMA<\/span>\n\t\t\t<\/a>\n\t\t\t<\/div><\/div>\n<\/div>\n\n\t<\/div>\n<\/section><\/p>","protected":false},"excerpt":{"rendered":"<p>Accident Chiropractic \u2022 Contact us today! Physical Therapy Physical Therapy to Alleviate Pain and Achieve Maximum Function and Movement Potential Physical Therapy in Yakima, WA:\u00a0Accident Chiropractic provides physical therapy as a non-invasive therapy that addresses problems in the discs, joints, nerves, tendons, muscles, tendons and ligaments. Physical therapy also works with sports injuries that cause [&hellip;]<\/p>","protected":false},"author":1,"featured_media":0,"parent":0,"menu_order":0,"comment_status":"closed","ping_status":"closed","template":"page-landing.php","meta":{"footnotes":""},"class_list":["post-768","page","type-page","status-publish","hentry"],"acf":[],"yoast_head":"<!-- This site is optimized with the Yoast SEO Premium plugin v17.9 (Yoast SEO v27.3) - https:\/\/yoast.com\/product\/yoast-seo-premium-wordpress\/ -->\n<title>Physical Therapy in Yakima, WA | Accident Chiropractic<\/title>\n<meta name=\"description\" content=\"Expert physical therapy in Yakima, WA. Our personalized rehabilitation programs aim to alleviate pain and restore function. Schedule your consultation today.\" \/>\n<meta name=\"robots\" content=\"index, follow, max-snippet:-1, max-image-preview:large, max-video-preview:-1\" \/>\n<link rel=\"canonical\" href=\"https:\/\/accidentchiropractoryakima.com\/es\/terapia-fisica\/\" \/>\n<meta property=\"og:locale\" content=\"es_MX\" \/>\n<meta property=\"og:type\" content=\"article\" \/>\n<meta property=\"og:title\" content=\"Physical Therapy\" \/>\n<meta property=\"og:description\" content=\"Expert physical therapy in Yakima, WA. Our personalized rehabilitation programs aim to alleviate pain and restore function. Schedule your consultation today.\" \/>\n<meta property=\"og:url\" content=\"https:\/\/accidentchiropractoryakima.com\/es\/terapia-fisica\/\" \/>\n<meta property=\"og:site_name\" content=\"Accidentchiros\" \/>\n<meta property=\"article:modified_time\" content=\"2026-02-04T07:53:56+00:00\" \/>\n<meta property=\"og:image\" content=\"https:\/\/accidentchiropractoryakima.com\/wp-content\/uploads\/2021\/09\/Physical-Therapy-in-Yakima-and-Pasco.png\" \/>\n<meta name=\"twitter:card\" content=\"summary_large_image\" \/>\n<meta name=\"twitter:label1\" content=\"Tiempo de lectura\" \/>\n\t<meta name=\"twitter:data1\" content=\"2 minutos\" \/>\n<script type=\"application\/ld+json\" class=\"yoast-schema-graph\">{\"@context\":\"https:\\\/\\\/schema.org\",\"@graph\":[{\"@type\":\"WebPage\",\"@id\":\"https:\\\/\\\/accidentchiropractoryakima.com\\\/physical-therapy\\\/\",\"url\":\"https:\\\/\\\/accidentchiropractoryakima.com\\\/physical-therapy\\\/\",\"name\":\"Physical Therapy in Yakima, WA | Accident Chiropractic\",\"isPartOf\":{\"@id\":\"https:\\\/\\\/accidentchiropractoryakima.com\\\/#website\"},\"primaryImageOfPage\":{\"@id\":\"https:\\\/\\\/accidentchiropractoryakima.com\\\/physical-therapy\\\/#primaryimage\"},\"image\":{\"@id\":\"https:\\\/\\\/accidentchiropractoryakima.com\\\/physical-therapy\\\/#primaryimage\"},\"thumbnailUrl\":\"https:\\\/\\\/accidentchiropractoryakima.com\\\/wp-content\\\/uploads\\\/2021\\\/09\\\/Physical-Therapy-in-Yakima-and-Pasco.png\",\"datePublished\":\"2021-09-02T04:06:37+00:00\",\"dateModified\":\"2026-02-04T07:53:56+00:00\",\"description\":\"Expert physical therapy in Yakima, WA. Our personalized rehabilitation programs aim to alleviate pain and restore function. Schedule your consultation today.\",\"breadcrumb\":{\"@id\":\"https:\\\/\\\/accidentchiropractoryakima.com\\\/physical-therapy\\\/#breadcrumb\"},\"inLanguage\":\"es\",\"potentialAction\":[{\"@type\":\"ReadAction\",\"target\":[\"https:\\\/\\\/accidentchiropractoryakima.com\\\/physical-therapy\\\/\"]}]},{\"@type\":\"ImageObject\",\"inLanguage\":\"es\",\"@id\":\"https:\\\/\\\/accidentchiropractoryakima.com\\\/physical-therapy\\\/#primaryimage\",\"url\":\"https:\\\/\\\/accidentchiropractoryakima.com\\\/wp-content\\\/uploads\\\/2021\\\/09\\\/Physical-Therapy-in-Yakima-and-Pasco.png\",\"contentUrl\":\"https:\\\/\\\/accidentchiropractoryakima.com\\\/wp-content\\\/uploads\\\/2021\\\/09\\\/Physical-Therapy-in-Yakima-and-Pasco.png\"},{\"@type\":\"BreadcrumbList\",\"@id\":\"https:\\\/\\\/accidentchiropractoryakima.com\\\/physical-therapy\\\/#breadcrumb\",\"itemListElement\":[{\"@type\":\"ListItem\",\"position\":1,\"name\":\"Home\",\"item\":\"https:\\\/\\\/accidentchiropractoryakima.com\\\/\"},{\"@type\":\"ListItem\",\"position\":2,\"name\":\"Physical Therapy\"}]},{\"@type\":\"WebSite\",\"@id\":\"https:\\\/\\\/accidentchiropractoryakima.com\\\/#website\",\"url\":\"https:\\\/\\\/accidentchiropractoryakima.com\\\/\",\"name\":\"Accidentchiros\",\"description\":\"My WordPress Blog\",\"potentialAction\":[{\"@type\":\"SearchAction\",\"target\":{\"@type\":\"EntryPoint\",\"urlTemplate\":\"https:\\\/\\\/accidentchiropractoryakima.com\\\/?s={search_term_string}\"},\"query-input\":{\"@type\":\"PropertyValueSpecification\",\"valueRequired\":true,\"valueName\":\"search_term_string\"}}],\"inLanguage\":\"es\"},{\"@type\":\"ImageObject\",\"inLanguage\":\"es\",\"@id\":\"https:\\\/\\\/accidentchiropractoryakima.com\\\/physical-therapy\\\/#local-main-organization-logo\",\"url\":\"\",\"contentUrl\":\"\",\"caption\":\"Accidentchiros\"}]}<\/script>\n<!-- \/ Yoast SEO Premium plugin. -->","yoast_head_json":{"title":"Physical Therapy in Yakima, WA | Accident Chiropractic","description":"Expert physical therapy in Yakima, WA. Our personalized rehabilitation programs aim to alleviate pain and restore function. Schedule your consultation today.","robots":{"index":"index","follow":"follow","max-snippet":"max-snippet:-1","max-image-preview":"max-image-preview:large","max-video-preview":"max-video-preview:-1"},"canonical":"https:\/\/accidentchiropractoryakima.com\/es\/terapia-fisica\/","og_locale":"es_MX","og_type":"article","og_title":"Physical Therapy","og_description":"Expert physical therapy in Yakima, WA. Our personalized rehabilitation programs aim to alleviate pain and restore function. Schedule your consultation today.","og_url":"https:\/\/accidentchiropractoryakima.com\/es\/terapia-fisica\/","og_site_name":"Accidentchiros","article_modified_time":"2026-02-04T07:53:56+00:00","og_image":[{"url":"https:\/\/accidentchiropractoryakima.com\/wp-content\/uploads\/2021\/09\/Physical-Therapy-in-Yakima-and-Pasco.png","type":"","width":"","height":""}],"twitter_card":"summary_large_image","twitter_misc":{"Tiempo de lectura":"2 minutos"},"schema":{"@context":"https:\/\/schema.org","@graph":[{"@type":"WebPage","@id":"https:\/\/accidentchiropractoryakima.com\/physical-therapy\/","url":"https:\/\/accidentchiropractoryakima.com\/physical-therapy\/","name":"Physical Therapy in Yakima, WA | Accident Chiropractic","isPartOf":{"@id":"https:\/\/accidentchiropractoryakima.com\/#website"},"primaryImageOfPage":{"@id":"https:\/\/accidentchiropractoryakima.com\/physical-therapy\/#primaryimage"},"image":{"@id":"https:\/\/accidentchiropractoryakima.com\/physical-therapy\/#primaryimage"},"thumbnailUrl":"https:\/\/accidentchiropractoryakima.com\/wp-content\/uploads\/2021\/09\/Physical-Therapy-in-Yakima-and-Pasco.png","datePublished":"2021-09-02T04:06:37+00:00","dateModified":"2026-02-04T07:53:56+00:00","description":"Expert physical therapy in Yakima, WA. Our personalized rehabilitation programs aim to alleviate pain and restore function. Schedule your consultation today.","breadcrumb":{"@id":"https:\/\/accidentchiropractoryakima.com\/physical-therapy\/#breadcrumb"},"inLanguage":"es","potentialAction":[{"@type":"ReadAction","target":["https:\/\/accidentchiropractoryakima.com\/physical-therapy\/"]}]},{"@type":"ImageObject","inLanguage":"es","@id":"https:\/\/accidentchiropractoryakima.com\/physical-therapy\/#primaryimage","url":"https:\/\/accidentchiropractoryakima.com\/wp-content\/uploads\/2021\/09\/Physical-Therapy-in-Yakima-and-Pasco.png","contentUrl":"https:\/\/accidentchiropractoryakima.com\/wp-content\/uploads\/2021\/09\/Physical-Therapy-in-Yakima-and-Pasco.png"},{"@type":"BreadcrumbList","@id":"https:\/\/accidentchiropractoryakima.com\/physical-therapy\/#breadcrumb","itemListElement":[{"@type":"ListItem","position":1,"name":"Home","item":"https:\/\/accidentchiropractoryakima.com\/"},{"@type":"ListItem","position":2,"name":"Physical Therapy"}]},{"@type":"WebSite","@id":"https:\/\/accidentchiropractoryakima.com\/#website","url":"https:\/\/accidentchiropractoryakima.com\/","name":"Accidentchiros","description":"My WordPress Blog","potentialAction":[{"@type":"SearchAction","target":{"@type":"EntryPoint","urlTemplate":"https:\/\/accidentchiropractoryakima.com\/?s={search_term_string}"},"query-input":{"@type":"PropertyValueSpecification","valueRequired":true,"valueName":"search_term_string"}}],"inLanguage":"es"},{"@type":"ImageObject","inLanguage":"es","@id":"https:\/\/accidentchiropractoryakima.com\/physical-therapy\/#local-main-organization-logo","url":"","contentUrl":"","caption":"Accidentchiros"}]}},"_links":{"self":[{"href":"https:\/\/accidentchiropractoryakima.com\/es\/wp-json\/wp\/v2\/pages\/768","targetHints":{"allow":["GET"]}}],"collection":[{"href":"https:\/\/accidentchiropractoryakima.com\/es\/wp-json\/wp\/v2\/pages"}],"about":[{"href":"https:\/\/accidentchiropractoryakima.com\/es\/wp-json\/wp\/v2\/types\/page"}],"author":[{"embeddable":true,"href":"https:\/\/accidentchiropractoryakima.com\/es\/wp-json\/wp\/v2\/users\/1"}],"replies":[{"embeddable":true,"href":"https:\/\/accidentchiropractoryakima.com\/es\/wp-json\/wp\/v2\/comments?post=768"}],"version-history":[{"count":0,"href":"https:\/\/accidentchiropractoryakima.com\/es\/wp-json\/wp\/v2\/pages\/768\/revisions"}],"wp:attachment":[{"href":"https:\/\/accidentchiropractoryakima.com\/es\/wp-json\/wp\/v2\/media?parent=768"}],"curies":[{"name":"wp","href":"https:\/\/api.w.org\/{rel}","templated":true}]}}