{"id":761,"date":"2021-09-02T04:00:44","date_gmt":"2021-09-02T04:00:44","guid":{"rendered":"https:\/\/accidentchiropractoryakima.com\/?page_id=761"},"modified":"2025-05-27T09:50:23","modified_gmt":"2025-05-27T09:50:23","slug":"massage-therapy","status":"publish","type":"page","link":"https:\/\/accidentchiropractoryakima.com\/es\/terapia-de-masajes\/","title":{"rendered":"Terapia de Masaje en Pasco Y Yakima"},"content":{"rendered":"<p><section class=\"fw-main-row\"   >\n\t<div class=\"fw-container-fluid no-padding\">\n\t\t<div class=\"fw-row\">\n\t\n<div class=\"fw-col-xs-12\" style=\"\">\n\t<section class=\"banner-block banner-block-69de661ecada2 fw-main-row\" style=\"height:350px;\">\n\t\t<div class=\"item dark-bg\"  style=\"height:350px;background-image: url(\/\/accidentchiropractoryakima.com\/wp-content\/uploads\/2021\/09\/Screenshot-7.png);\">\n\t\t<div class=\"fw-container centered-container tac\">\n\t\t\t\t\t\t<h5>Quiropr\u00e1ctica de accidentes \u2022 \u00a1Cont\u00e1ctenos hoy!<\/h5>\n\t\t\t\t\t\t<h2 class=\"h1 heading-decor big\"><span>Massage Therapy in Yakima<\/span><\/h2>\n\t\t\t\t\t<\/div>\n\t<\/div>\n\t<\/section><\/div>\n<\/div>\n\n\t<\/div>\n<\/section><section class=\"fw-main-row\"  style=\"padding-top:40px;padding-bottom:50px;\" >\n\t<div class=\"fw-container\">\n\t\t<div class=\"fw-row\">\n\t\n<div class=\"fw-col-xs-12\" style=\"\">\n\t<h2 class='fw-special-title heading-decor tac' style=''>\n\t<span>Massage Therapy in Yakima, WA<\/span>\n\t<\/h2><\/div>\n<\/div>\n\n<div class=\"fw-row\">\n\t\n<div class=\"fw-col-xs-12 fw-col-sm-6\" style=\"\">\n\t\n<p><img decoding=\"async\" class=\"alignnone size-full wp-image-765\" src=\"https:\/\/accidentchiropractoryakima.com\/wp-content\/uploads\/2021\/09\/Massage-Therapy-in-Yakima-and-Pasco.png\" alt=\"\" width=\"900\" height=\"400\" srcset=\"https:\/\/accidentchiropractoryakima.com\/wp-content\/uploads\/2021\/09\/Massage-Therapy-in-Yakima-and-Pasco.png 900w, https:\/\/accidentchiropractoryakima.com\/wp-content\/uploads\/2021\/09\/Massage-Therapy-in-Yakima-and-Pasco-600x267.png 600w, https:\/\/accidentchiropractoryakima.com\/wp-content\/uploads\/2021\/09\/Massage-Therapy-in-Yakima-and-Pasco-300x133.png 300w, https:\/\/accidentchiropractoryakima.com\/wp-content\/uploads\/2021\/09\/Massage-Therapy-in-Yakima-and-Pasco-768x341.png 768w\" sizes=\"(max-width: 900px) 100vw, 900px\" \/><\/p>\n<\/div>\n\n<div class=\"fw-col-xs-12 fw-col-sm-6\" style=\"\">\n\t\t<div class=\"content\">\n\n<p data-uw-styling-context=\"true\"><strong data-uw-styling-context=\"true\">Massage Therapy in Yakima, WA:<\/strong>\u00a0El masaje y la quiropr\u00e1ctica van de la mano para mejorar la salud y el bienestar general del paciente y, al mismo tiempo, disminuir la necesidad de cirug\u00eda y otros tipos de tratamientos convencionales.<\/p>\n\t<\/div>\n<\/div>\n<\/div>\n\n\t<\/div>\n<\/section><section class=\"fw-main-row\"  style=\"background-color:#efefef;padding-top:40px;padding-bottom:40px;\" >\n\t<div class=\"fw-container\">\n\t\t<div class=\"fw-row\">\n\t\n<div class=\"fw-col-xs-12\" style=\"\">\n\t<h2 class='fw-special-title heading-decor tac' style=''>\n\t<span>Terapia de masaje proporcionada en Accident Chiropractic<\/span>\n\t<\/h2><\/div>\n<\/div>\n\n<div class=\"fw-row\">\n\t\n<div class=\"fw-col-xs-12\" style=\"\">\n\t\n<p data-uw-styling-context=\"true\">El masaje es la manipulaci\u00f3n de los m\u00fasculos y tejidos del cuerpo mediante movimientos suaves y lentos, un poco de fuerza, amasamiento y presi\u00f3n. Ayuda a aliviar la tensi\u00f3n de los m\u00fasculos que pueden haberse anudado o acalambrado, causando dolor. Tambi\u00e9n es una buena manera de liberar las toxinas del cuerpo, lo que estimula el sistema inmunol\u00f3gico.<\/p>\n<\/div>\n<\/div>\n\n\t<\/div>\n<\/section><section class=\"fw-main-row\"  style=\"padding-top:40px;padding-bottom:40px;\" >\n\t<div class=\"fw-container\">\n\t\t<div class=\"fw-row\">\n\t\n<div class=\"fw-col-xs-12\" style=\"\">\n\t<h2 class='fw-special-title heading-decor tac' style=''>\n\t<span>Diferentes tipos de masajes ofrecidos en nuestra cl\u00ednica de quiropr\u00e1ctica y masajes<\/span>\n\t<\/h2><\/div>\n<\/div>\n\n<div class=\"fw-row\">\n\t\n<div class=\"fw-col-xs-12\" style=\"\">\n\t\n<p>Hay muchos tipos diferentes de terapias de masaje. Un ejemplo es el masaje de puntos gatillo que funciona en los puntos gatillo o \u00e1reas del cuerpo que pueden haberse vuelto sensibles y dolorosas debido a una lesi\u00f3n, trauma o estr\u00e9s enorme. Otro ejemplo es el masaje sueco que utiliza movimientos circulares lentos y vibraciones para aumentar el flujo de energ\u00eda.<\/p><p>En Accident Chiropractic, combinamos estos tratamientos para un ajuste espinal m\u00e1s efectivo y un proceso de curaci\u00f3n m\u00e1s r\u00e1pido. Al aliviar la tensi\u00f3n muscular, el cuerpo se vuelve m\u00e1s receptivo al tratamiento.<\/p>\n<\/div>\n<\/div>\n\n\t<\/div>\n<\/section><section class=\"fw-main-row\"  style=\"background-color:#ba0000;padding-top:40px;padding-bottom:40px;\" >\n\t<div class=\"fw-container\">\n\t\t<div class=\"fw-row\">\n\t\n<div class=\"fw-col-xs-12 fw-col-sm-6\" style=\"\">\n\t\n<div class=\"w-actionbox-text\"><h2 class=\"w-actionbox-title\" data-uw-styling-context=\"true\"><span style=\"color: #ffffff;\">Ahora aceptando nuevos pacientes<\/span><\/h2><\/div>\n<\/div>\n\n<div class=\"fw-col-xs-12 fw-col-sm-6\" style=\"\">\n\t<div class=\"tac\">\n\t\t\t\t\t\t<a href=\"https:\/\/accidentchiropractoryakima.com\/es\/yakima-quiropractico\/\" target=\"_self\" class=\"button-style1\" style=\"\">\n\t\t\t\t<span>CONTACTO YAKIMA<\/span>\n\t\t\t<\/a>\n\t\t\t<\/div><\/div>\n<\/div>\n\n\t<\/div>\n<\/section><\/p>","protected":false},"excerpt":{"rendered":"<p>Accident Chiropractic \u2022 Contact us today! Massage Therapy in Yakima Massage Therapy in Yakima, WA Massage Therapy in Yakima, WA:\u00a0Massage and chiropractic go hand in hand to improve the overall health and wellness of the patient while decreasing the need for surgery and other types of conventional treatment. Massage Therapy Provided at Accident Chiropractic Massage [&hellip;]<\/p>","protected":false},"author":1,"featured_media":0,"parent":0,"menu_order":0,"comment_status":"closed","ping_status":"closed","template":"page-landing.php","meta":{"footnotes":""},"class_list":["post-761","page","type-page","status-publish","hentry"],"acf":[],"yoast_head":"<!-- This site is optimized with the Yoast SEO Premium plugin v17.9 (Yoast SEO v27.3) - https:\/\/yoast.com\/product\/yoast-seo-premium-wordpress\/ -->\n<title>Massage Therapy Yakima, WA | Accident Chiropractor<\/title>\n<meta name=\"description\" content=\"Relieve pain and stress with expert massage therapy in Yakima. Accident Chiros offers customized care for recovery, relaxation, and overall wellness.\" \/>\n<meta name=\"robots\" content=\"index, follow, max-snippet:-1, max-image-preview:large, max-video-preview:-1\" \/>\n<link rel=\"canonical\" href=\"https:\/\/accidentchiropractoryakima.com\/es\/terapia-de-masajes\/\" \/>\n<meta property=\"og:locale\" content=\"es_MX\" \/>\n<meta property=\"og:type\" content=\"article\" \/>\n<meta property=\"og:title\" content=\"Massage Therapy in Pasco And Yakima\" \/>\n<meta property=\"og:description\" content=\"Relieve pain and stress with expert massage therapy in Yakima. Accident Chiros offers customized care for recovery, relaxation, and overall wellness.\" \/>\n<meta property=\"og:url\" content=\"https:\/\/accidentchiropractoryakima.com\/es\/terapia-de-masajes\/\" \/>\n<meta property=\"og:site_name\" content=\"Accidentchiros\" \/>\n<meta property=\"article:modified_time\" content=\"2025-05-27T09:50:23+00:00\" \/>\n<meta property=\"og:image\" content=\"https:\/\/accidentchiropractoryakima.com\/wp-content\/uploads\/2021\/09\/Massage-Therapy-in-Yakima-and-Pasco.png\" \/>\n<meta name=\"twitter:card\" content=\"summary_large_image\" \/>\n<meta name=\"twitter:label1\" content=\"Tiempo de lectura\" \/>\n\t<meta name=\"twitter:data1\" content=\"2 minutos\" \/>\n<script type=\"application\/ld+json\" class=\"yoast-schema-graph\">{\"@context\":\"https:\\\/\\\/schema.org\",\"@graph\":[{\"@type\":\"WebPage\",\"@id\":\"https:\\\/\\\/accidentchiropractoryakima.com\\\/massage-therapy\\\/\",\"url\":\"https:\\\/\\\/accidentchiropractoryakima.com\\\/massage-therapy\\\/\",\"name\":\"Massage Therapy Yakima, WA | Accident Chiropractor\",\"isPartOf\":{\"@id\":\"https:\\\/\\\/accidentchiropractoryakima.com\\\/#website\"},\"primaryImageOfPage\":{\"@id\":\"https:\\\/\\\/accidentchiropractoryakima.com\\\/massage-therapy\\\/#primaryimage\"},\"image\":{\"@id\":\"https:\\\/\\\/accidentchiropractoryakima.com\\\/massage-therapy\\\/#primaryimage\"},\"thumbnailUrl\":\"https:\\\/\\\/accidentchiropractoryakima.com\\\/wp-content\\\/uploads\\\/2021\\\/09\\\/Massage-Therapy-in-Yakima-and-Pasco.png\",\"datePublished\":\"2021-09-02T04:00:44+00:00\",\"dateModified\":\"2025-05-27T09:50:23+00:00\",\"description\":\"Relieve pain and stress with expert massage therapy in Yakima. Accident Chiros offers customized care for recovery, relaxation, and overall wellness.\",\"breadcrumb\":{\"@id\":\"https:\\\/\\\/accidentchiropractoryakima.com\\\/massage-therapy\\\/#breadcrumb\"},\"inLanguage\":\"es\",\"potentialAction\":[{\"@type\":\"ReadAction\",\"target\":[\"https:\\\/\\\/accidentchiropractoryakima.com\\\/massage-therapy\\\/\"]}]},{\"@type\":\"ImageObject\",\"inLanguage\":\"es\",\"@id\":\"https:\\\/\\\/accidentchiropractoryakima.com\\\/massage-therapy\\\/#primaryimage\",\"url\":\"https:\\\/\\\/accidentchiropractoryakima.com\\\/wp-content\\\/uploads\\\/2021\\\/09\\\/Massage-Therapy-in-Yakima-and-Pasco.png\",\"contentUrl\":\"https:\\\/\\\/accidentchiropractoryakima.com\\\/wp-content\\\/uploads\\\/2021\\\/09\\\/Massage-Therapy-in-Yakima-and-Pasco.png\"},{\"@type\":\"BreadcrumbList\",\"@id\":\"https:\\\/\\\/accidentchiropractoryakima.com\\\/massage-therapy\\\/#breadcrumb\",\"itemListElement\":[{\"@type\":\"ListItem\",\"position\":1,\"name\":\"Home\",\"item\":\"https:\\\/\\\/accidentchiropractoryakima.com\\\/\"},{\"@type\":\"ListItem\",\"position\":2,\"name\":\"Massage Therapy in Pasco And Yakima\"}]},{\"@type\":\"WebSite\",\"@id\":\"https:\\\/\\\/accidentchiropractoryakima.com\\\/#website\",\"url\":\"https:\\\/\\\/accidentchiropractoryakima.com\\\/\",\"name\":\"Accidentchiros\",\"description\":\"My WordPress Blog\",\"potentialAction\":[{\"@type\":\"SearchAction\",\"target\":{\"@type\":\"EntryPoint\",\"urlTemplate\":\"https:\\\/\\\/accidentchiropractoryakima.com\\\/?s={search_term_string}\"},\"query-input\":{\"@type\":\"PropertyValueSpecification\",\"valueRequired\":true,\"valueName\":\"search_term_string\"}}],\"inLanguage\":\"es\"},{\"@type\":\"ImageObject\",\"inLanguage\":\"es\",\"@id\":\"https:\\\/\\\/accidentchiropractoryakima.com\\\/massage-therapy\\\/#local-main-organization-logo\",\"url\":\"\",\"contentUrl\":\"\",\"caption\":\"Accidentchiros\"}]}<\/script>\n<!-- \/ Yoast SEO Premium plugin. -->","yoast_head_json":{"title":"Massage Therapy Yakima, WA | Accident Chiropractor","description":"Relieve pain and stress with expert massage therapy in Yakima. Accident Chiros offers customized care for recovery, relaxation, and overall wellness.","robots":{"index":"index","follow":"follow","max-snippet":"max-snippet:-1","max-image-preview":"max-image-preview:large","max-video-preview":"max-video-preview:-1"},"canonical":"https:\/\/accidentchiropractoryakima.com\/es\/terapia-de-masajes\/","og_locale":"es_MX","og_type":"article","og_title":"Massage Therapy in Pasco And Yakima","og_description":"Relieve pain and stress with expert massage therapy in Yakima. Accident Chiros offers customized care for recovery, relaxation, and overall wellness.","og_url":"https:\/\/accidentchiropractoryakima.com\/es\/terapia-de-masajes\/","og_site_name":"Accidentchiros","article_modified_time":"2025-05-27T09:50:23+00:00","og_image":[{"url":"https:\/\/accidentchiropractoryakima.com\/wp-content\/uploads\/2021\/09\/Massage-Therapy-in-Yakima-and-Pasco.png","type":"","width":"","height":""}],"twitter_card":"summary_large_image","twitter_misc":{"Tiempo de lectura":"2 minutos"},"schema":{"@context":"https:\/\/schema.org","@graph":[{"@type":"WebPage","@id":"https:\/\/accidentchiropractoryakima.com\/massage-therapy\/","url":"https:\/\/accidentchiropractoryakima.com\/massage-therapy\/","name":"Massage Therapy Yakima, WA | Accident Chiropractor","isPartOf":{"@id":"https:\/\/accidentchiropractoryakima.com\/#website"},"primaryImageOfPage":{"@id":"https:\/\/accidentchiropractoryakima.com\/massage-therapy\/#primaryimage"},"image":{"@id":"https:\/\/accidentchiropractoryakima.com\/massage-therapy\/#primaryimage"},"thumbnailUrl":"https:\/\/accidentchiropractoryakima.com\/wp-content\/uploads\/2021\/09\/Massage-Therapy-in-Yakima-and-Pasco.png","datePublished":"2021-09-02T04:00:44+00:00","dateModified":"2025-05-27T09:50:23+00:00","description":"Relieve pain and stress with expert massage therapy in Yakima. Accident Chiros offers customized care for recovery, relaxation, and overall wellness.","breadcrumb":{"@id":"https:\/\/accidentchiropractoryakima.com\/massage-therapy\/#breadcrumb"},"inLanguage":"es","potentialAction":[{"@type":"ReadAction","target":["https:\/\/accidentchiropractoryakima.com\/massage-therapy\/"]}]},{"@type":"ImageObject","inLanguage":"es","@id":"https:\/\/accidentchiropractoryakima.com\/massage-therapy\/#primaryimage","url":"https:\/\/accidentchiropractoryakima.com\/wp-content\/uploads\/2021\/09\/Massage-Therapy-in-Yakima-and-Pasco.png","contentUrl":"https:\/\/accidentchiropractoryakima.com\/wp-content\/uploads\/2021\/09\/Massage-Therapy-in-Yakima-and-Pasco.png"},{"@type":"BreadcrumbList","@id":"https:\/\/accidentchiropractoryakima.com\/massage-therapy\/#breadcrumb","itemListElement":[{"@type":"ListItem","position":1,"name":"Home","item":"https:\/\/accidentchiropractoryakima.com\/"},{"@type":"ListItem","position":2,"name":"Massage Therapy in Pasco And Yakima"}]},{"@type":"WebSite","@id":"https:\/\/accidentchiropractoryakima.com\/#website","url":"https:\/\/accidentchiropractoryakima.com\/","name":"Accidentchiros","description":"My WordPress Blog","potentialAction":[{"@type":"SearchAction","target":{"@type":"EntryPoint","urlTemplate":"https:\/\/accidentchiropractoryakima.com\/?s={search_term_string}"},"query-input":{"@type":"PropertyValueSpecification","valueRequired":true,"valueName":"search_term_string"}}],"inLanguage":"es"},{"@type":"ImageObject","inLanguage":"es","@id":"https:\/\/accidentchiropractoryakima.com\/massage-therapy\/#local-main-organization-logo","url":"","contentUrl":"","caption":"Accidentchiros"}]}},"_links":{"self":[{"href":"https:\/\/accidentchiropractoryakima.com\/es\/wp-json\/wp\/v2\/pages\/761","targetHints":{"allow":["GET"]}}],"collection":[{"href":"https:\/\/accidentchiropractoryakima.com\/es\/wp-json\/wp\/v2\/pages"}],"about":[{"href":"https:\/\/accidentchiropractoryakima.com\/es\/wp-json\/wp\/v2\/types\/page"}],"author":[{"embeddable":true,"href":"https:\/\/accidentchiropractoryakima.com\/es\/wp-json\/wp\/v2\/users\/1"}],"replies":[{"embeddable":true,"href":"https:\/\/accidentchiropractoryakima.com\/es\/wp-json\/wp\/v2\/comments?post=761"}],"version-history":[{"count":0,"href":"https:\/\/accidentchiropractoryakima.com\/es\/wp-json\/wp\/v2\/pages\/761\/revisions"}],"wp:attachment":[{"href":"https:\/\/accidentchiropractoryakima.com\/es\/wp-json\/wp\/v2\/media?parent=761"}],"curies":[{"name":"wp","href":"https:\/\/api.w.org\/{rel}","templated":true}]}}