{"id":749,"date":"2021-09-02T03:42:28","date_gmt":"2021-09-02T03:42:28","guid":{"rendered":"https:\/\/accidentchiropractoryakima.com\/?page_id=749"},"modified":"2026-03-11T04:28:45","modified_gmt":"2026-03-11T04:28:45","slug":"sports-injury","status":"publish","type":"page","link":"https:\/\/accidentchiropractoryakima.com\/es\/lesion-deportiva\/","title":{"rendered":"Lesion deportiva"},"content":{"rendered":"<p><section class=\"fw-main-row\"   >\n\t<div class=\"fw-container-fluid no-padding\">\n\t\t<div class=\"fw-row\">\n\t\n<div class=\"fw-col-xs-12\" style=\"\">\n\t<section class=\"banner-block banner-block-69e0a851cbe84 fw-main-row\" style=\"height:350px;\">\n\t\t<div class=\"item dark-bg\"  style=\"height:350px;background-image: url(\/\/accidentchiropractoryakima.com\/wp-content\/uploads\/2021\/09\/Screenshot-5.png);\">\n\t\t<div class=\"fw-container centered-container tac\">\n\t\t\t\t\t\t<h5>Quiropr\u00e1ctica de accidentes \u2022 \u00a1Cont\u00e1ctenos hoy!<\/h5>\n\t\t\t\t\t\t<h2 class=\"h1 heading-decor big\"><span>Lesion deportiva<\/span><\/h2>\n\t\t\t\t\t<\/div>\n\t<\/div>\n\t<\/section><\/div>\n<\/div>\n\n\t<\/div>\n<\/section><section class=\"fw-main-row\"  style=\"padding-top:40px;padding-bottom:50px;\" >\n\t<div class=\"fw-container\">\n\t\t<div class=\"fw-row\">\n\t\n<div class=\"fw-col-xs-12\" style=\"\">\n\t<h2 class='fw-special-title heading-decor tac' style=''>\n\t<span>Tratamiento de lesiones deportivas<\/span>\n\t<\/h2><\/div>\n<\/div>\n\n<div class=\"fw-row\">\n\t\n<div class=\"fw-col-xs-12\" style=\"\">\n\t\t<div class=\"content\">\n\n<p>Sports Injury in Yakima, WA:\u00a0 At Accident Chiropractic, we treat a wide variety of sports injuries that one could encounter after a game or practice. Whether you are suffering from knee pain, back pain, or a concussion, one of our highly trained chiropractors and staff can help you.<\/p>\n\t<\/div>\n<\/div>\n<\/div>\n\n\t<\/div>\n<\/section><section class=\"fw-main-row\"  style=\"background-color:#efefef;padding-top:40px;padding-bottom:40px;\" >\n\t<div class=\"fw-container\">\n\t\t<div class=\"fw-row\">\n\t\n<div class=\"fw-col-xs-12\" style=\"\">\n\t<h2 class='fw-special-title heading-decor tac' style=''>\n\t<span>Lesiones tratadas en nuestra cl\u00ednica<\/span>\n\t<\/h2><\/div>\n<\/div>\n\n<div class=\"fw-row\">\n\t\n<div class=\"fw-col-xs-12\" style=\"\">\n\t\n<p>Algunas de las lesiones que hemos tratado a lo largo de los a\u00f1os incluyen:<\/p>\n<\/div>\n<\/div>\n\n<div class=\"fw-row\">\n\t\n<div class=\"fw-col-xs-12 fw-col-sm-4\" style=\"\">\n\t\n<ul><li><span data-uw-styling-context=\"true\">Dolor de cuello<\/span><\/li><li><span data-uw-styling-context=\"true\">Dolor de hombro<\/span><\/li><li><span data-uw-styling-context=\"true\">Dolor de espalda<\/span><\/li><\/ul>\n<\/div>\n\n<div class=\"fw-col-xs-12 fw-col-sm-4\" style=\"\">\n\t\n<ul><li><span data-uw-styling-context=\"true\">Discos herniados<\/span><\/li><li><span data-uw-styling-context=\"true\">esguinces<\/span><\/li><li>Presiones<\/li><\/ul>\n<\/div>\n\n<div class=\"fw-col-xs-12 fw-col-sm-4\" style=\"\">\n\t\n<ul><li><span data-uw-styling-context=\"true\">Lesiones de cadera\/rodilla\/pierna\/tobillo<\/span><\/li><li><span data-uw-styling-context=\"true\">lesiones en el brazo<\/span><\/li><li><span data-uw-styling-context=\"true\">Y mucho m\u00e1s<\/span><\/li><\/ul>\n<\/div>\n<\/div>\n\n\t<\/div>\n<\/section><section class=\"fw-main-row\"  style=\"padding-top:40px;padding-bottom:40px;\" >\n\t<div class=\"fw-container\">\n\t\t<div class=\"fw-row\">\n\t\n<div class=\"fw-col-xs-12\" style=\"\">\n\t<h2 class='fw-special-title heading-decor tac' style=''>\n\t<span>Qu\u00e9 esperar durante una visita a la quiropr\u00e1ctica de accidentes<\/span>\n\t<\/h2><\/div>\n<\/div>\n\n<div class=\"fw-row\">\n\t\n<div class=\"fw-col-xs-12\" style=\"\">\n\t\n<p data-uw-styling-context=\"true\">When you visit us at Accident Chiropractic at Yakima, WA, you will be asked to fill out a patient information form similar to one that you would expect from any healthcare facility. You will be asked to provide information as accurately as possible to help give our chiropractors a better idea of your overall health and well-being.<\/p><p data-uw-styling-context=\"true\">Una vez que haya terminado, nuestro quiropr\u00e1ctico realizar\u00e1 una entrevista inicial de lo que le preocupa. Se le preguntar\u00e1 qu\u00e9 s\u00edntomas est\u00e1 experimentando y qu\u00e9 detalles del accidente deportivo puede proporcionar, entre otras cosas. Para esto, es posible que desee traer cualquier certificado m\u00e9dico que le hayan emitido despu\u00e9s de que ocurri\u00f3 la lesi\u00f3n.<\/p><p data-uw-styling-context=\"true\">Luego, nuestro quiropr\u00e1ctico lo examinar\u00e1 para ver si su lesi\u00f3n en particular responder\u00e1 bien al cuidado quiropr\u00e1ctico. Este examen puede evaluar su rango de movimiento, tono muscular, fuerza muscular e integridad neurol\u00f3gica. Es posible que se necesiten radiograf\u00edas, resonancias magn\u00e9ticas u otras pruebas de laboratorio. Si ya se ha sometido a tales pruebas, tenga la amabilidad de traer los resultados con usted.<\/p><p data-uw-styling-context=\"true\">Con base en los resultados de la entrevista y el examen, nuestro m\u00e9dico quiropr\u00e1ctico desarrollar\u00e1 un plan de tratamiento quiropr\u00e1ctico personalizado que aborde mejor su lesi\u00f3n y funcione mejor para su tipo de cuerpo.<\/p>\n<\/div>\n<\/div>\n\n\t<\/div>\n<\/section><section class=\"fw-main-row\"  style=\"background-color:#ba0000;padding-top:40px;padding-bottom:40px;\" >\n\t<div class=\"fw-container\">\n\t\t<div class=\"fw-row\">\n\t\n<div class=\"fw-col-xs-12 fw-col-sm-6\" style=\"\">\n\t\n<div class=\"w-actionbox-text\"><h2 class=\"w-actionbox-title\" data-uw-styling-context=\"true\"><span style=\"color: #ffffff;\">Ahora aceptando nuevos pacientes<\/span><\/h2><\/div>\n<\/div>\n\n<div class=\"fw-col-xs-12 fw-col-sm-6\" style=\"\">\n\t<div class=\"tac\">\n\t\t\t\t\t\t<a href=\"https:\/\/accidentchiropractoryakima.com\/es\/yakima-quiropractico\/\" target=\"_self\" class=\"button-style1\" style=\"\">\n\t\t\t\t<span>CONTACTO YAKIMA<\/span>\n\t\t\t<\/a>\n\t\t\t<\/div><\/div>\n<\/div>\n\n\t<\/div>\n<\/section><\/p>","protected":false},"excerpt":{"rendered":"<p>Accident Chiropractic \u2022 Contact us today! Sports Injury Sports Injury Treatment Sports Injury in Yakima, WA:\u00a0 At Accident Chiropractic, we treat a wide variety of sports injuries that one could encounter after a game or practice. Whether you are suffering from knee pain, back pain, or a concussion, one of our highly trained chiropractors and [&hellip;]<\/p>","protected":false},"author":1,"featured_media":0,"parent":0,"menu_order":0,"comment_status":"closed","ping_status":"closed","template":"page-landing.php","meta":{"footnotes":""},"class_list":["post-749","page","type-page","status-publish","hentry"],"acf":[],"_links":{"self":[{"href":"https:\/\/accidentchiropractoryakima.com\/es\/wp-json\/wp\/v2\/pages\/749","targetHints":{"allow":["GET"]}}],"collection":[{"href":"https:\/\/accidentchiropractoryakima.com\/es\/wp-json\/wp\/v2\/pages"}],"about":[{"href":"https:\/\/accidentchiropractoryakima.com\/es\/wp-json\/wp\/v2\/types\/page"}],"author":[{"embeddable":true,"href":"https:\/\/accidentchiropractoryakima.com\/es\/wp-json\/wp\/v2\/users\/1"}],"replies":[{"embeddable":true,"href":"https:\/\/accidentchiropractoryakima.com\/es\/wp-json\/wp\/v2\/comments?post=749"}],"version-history":[{"count":0,"href":"https:\/\/accidentchiropractoryakima.com\/es\/wp-json\/wp\/v2\/pages\/749\/revisions"}],"wp:attachment":[{"href":"https:\/\/accidentchiropractoryakima.com\/es\/wp-json\/wp\/v2\/media?parent=749"}],"curies":[{"name":"wp","href":"https:\/\/api.w.org\/{rel}","templated":true}]}}