{"id":727,"date":"2021-08-31T19:46:28","date_gmt":"2021-08-31T19:46:28","guid":{"rendered":"https:\/\/accidentchiropractoryakima.com\/?page_id=727"},"modified":"2025-01-28T06:58:41","modified_gmt":"2025-01-28T06:58:41","slug":"reviews","status":"publish","type":"page","link":"https:\/\/accidentchiropractoryakima.com\/es\/resenas\/","title":{"rendered":"Rese\u00f1as"},"content":{"rendered":"<p><section class=\"fw-main-row\"  style=\"background-color:#50af27;padding-bottom:20px;\" >\n\t<div class=\"fw-container-fluid no-padding\">\n\t\t<div class=\"fw-row\">\n\t\n<div class=\"fw-col-xs-12\" style=\"\">\n\t<section class=\"banner-block banner-block-69e37cd1a4d4c fw-main-row\" style=\"height:350px;\">\n\t\t<div class=\"item dark-bg\"  style=\"height:350px;background-image: url(\/\/accidentchiropractoryakima.com\/wp-content\/uploads\/2021\/09\/Screenshot-5.png);\">\n\t\t<div class=\"fw-container centered-container tac\">\n\t\t\t\t\t\t<h5>Lea las rese\u00f1as de nuestros pacientes y env\u00ede una propia<\/h5>\n\t\t\t\t\t\t<h2 class=\"h1 heading-decor big\"><span>Rese\u00f1as de nuestros pacientes<\/span><\/h2>\n\t\t\t\t\t<\/div>\n\t<\/div>\n\t<\/section><\/div>\n<\/div>\n\n\t<\/div>\n<\/section><section class=\"fw-main-row\"  style=\"padding-top:40px;padding-bottom:40px;\" >\n\t<div class=\"fw-container\">\n\t\t<div class=\"fw-row\">\n\t\n<div class=\"fw-col-xs-12\" style=\"\">\n\t\n<p><div class=\"ti-widget ti-goog\" data-layout-id=\"5\" data-set-id=\"drop-shadow\" data-pid=\"\" data-language=\"en\" data-version=\"2\" data-review-target-width=\"275\" data-pager-autoplay-timeout=\"6\" > <div class=\"ti-widget-container ti-col-4\"> <div class=\"ti-footer source-Google\"> <div class=\"ti-rating-text\"> <strong class=\"ti-rating ti-rating-large\"> EXCELLENT <\/strong> <\/div> <span class=\"ti-stars star-lg\"> <span class=\"ti-star f\"><\/span><span class=\"ti-star f\"><\/span><span class=\"ti-star f\"><\/span><span class=\"ti-star f\"><\/span><span class=\"ti-star f\"><\/span> <\/span> <div class=\"ti-rating-text\"> <span class=\"nowrap\">Residencia en <strong>116 rese\u00f1as<\/strong><\/span> <\/div> <div class=\"ti-large-logo\"> <div class=\"ti-v-center\"> <img decoding=\"async\" class=\"ti-logo-fb\" src=\"https:\/\/cdn.trustindex.io\/assets\/platform\/Google\/logo.svg\" width=\"150\" height=\"25\" loading=\"lazy\" alt=\"Google\" \/> <\/div> <\/div> <\/div> <div class=\"ti-reviews-container\"> <div class=\"ti-controls\"> <div class=\"ti-next\" aria-label=\"Next review\" role=\"button\"><\/div> <div class=\"ti-prev\" aria-label=\"Previous review\" role=\"button\"><\/div> <\/div> <div class=\"ti-reviews-container-wrapper\">  <div data-empty=\"0\" class=\"ti-review-item source-Google ti-image-layout-thumbnail\" data-id=\"cfcd208495d565ef66e7dff9f98764da\" > <div class=\"ti-inner\"> <div class=\"ti-review-header\"> <div class=\"ti-profile-img\"> <img decoding=\"async\" src=\"https:\/\/lh3.googleusercontent.com\/a-\/AOh14GgVwLVSWmkbsdEB57bZVP3cDf_0-4HFWAr-ePBNpw=s120-c-c-rp-w64-h64-mo-br100\" srcset=\"https:\/\/lh3.googleusercontent.com\/a-\/AOh14GgVwLVSWmkbsdEB57bZVP3cDf_0-4HFWAr-ePBNpw=s120-c-c-rp-w64-h64-mo-br100 2x\" alt=\"rachael cocinera\" loading=\"lazy\" \/> <\/div> <div class=\"ti-profile-details\"> <div class=\"ti-name\"> rachael cocinera <\/div> <div class=\"ti-date\">18 September 2021<\/div> <\/div> <\/div> <span class=\"ti-stars\"><span class=\"ti-star f\"><\/span><span class=\"ti-star f\"><\/span><span class=\"ti-star f\"><\/span><span class=\"ti-star f\"><\/span><span class=\"ti-star f\"><\/span><\/span> <div class=\"ti-review-text-container ti-review-content\"><!-- R-CONTENT -->Todo el personal es incre\u00edblemente paciente y complaciente, la Dra. D&#039;anna realmente se preocupa y los masajes son incre\u00edbles. \u00a1Te lo recomiendo mucho!<!-- R-CONTENT --><\/div> <span class=\"ti-read-more\" data-container=\".ti-review-content\" data-collapse-text=\"Hide\" data-open-text=\"Read more\" ><\/span> <\/div> <\/div>  <div data-empty=\"0\" class=\"ti-review-item source-Google ti-image-layout-thumbnail\" data-id=\"cfcd208495d565ef66e7dff9f98764da\" > <div class=\"ti-inner\"> <div class=\"ti-review-header\"> <div class=\"ti-profile-img\"> <img decoding=\"async\" src=\"https:\/\/lh3.googleusercontent.com\/a\/AATXAJyLFHIdACHBH_1Cwohs1azTsol8rQhB8iK0Oua1=s120-c-c-rp-w64-h64-mo-br100\" srcset=\"https:\/\/lh3.googleusercontent.com\/a\/AATXAJyLFHIdACHBH_1Cwohs1azTsol8rQhB8iK0Oua1=s120-c-c-rp-w64-h64-mo-br100 2x\" alt=\"Gracia Mendoza\" loading=\"lazy\" \/> <\/div> <div class=\"ti-profile-details\"> <div class=\"ti-name\"> Gracia Mendoza <\/div> <div class=\"ti-date\">2 September 2021<\/div> <\/div> <\/div> <span class=\"ti-stars\"><span class=\"ti-star f\"><\/span><span class=\"ti-star f\"><\/span><span class=\"ti-star f\"><\/span><span class=\"ti-star f\"><\/span><span class=\"ti-star f\"><\/span><\/span> <div class=\"ti-review-text-container ti-review-content\"><!-- R-CONTENT -->Exelente personal me ayudo muchas gracias<!-- R-CONTENT --><\/div> <span class=\"ti-read-more\" data-container=\".ti-review-content\" data-collapse-text=\"Hide\" data-open-text=\"Read more\" ><\/span> <\/div> <\/div>  <div data-empty=\"0\" class=\"ti-review-item source-Google ti-image-layout-thumbnail\" data-id=\"cfcd208495d565ef66e7dff9f98764da\" > <div class=\"ti-inner\"> <div class=\"ti-review-header\"> <div class=\"ti-profile-img\"> <img decoding=\"async\" src=\"https:\/\/lh3.googleusercontent.com\/a-\/AOh14Gg1LNbFbekMG6G55fgIMa5IFs0F8kFQDOLEpRPX_w=s120-c-c-rp-w64-h64-mo-br100\" srcset=\"https:\/\/lh3.googleusercontent.com\/a-\/AOh14Gg1LNbFbekMG6G55fgIMa5IFs0F8kFQDOLEpRPX_w=s120-c-c-rp-w64-h64-mo-br100 2x\" alt=\"leticia sanchez\" loading=\"lazy\" \/> <\/div> <div class=\"ti-profile-details\"> <div class=\"ti-name\"> leticia sanchez <\/div> <div class=\"ti-date\">26 August 2021<\/div> <\/div> <\/div> <span class=\"ti-stars\"><span class=\"ti-star f\"><\/span><span class=\"ti-star f\"><\/span><span class=\"ti-star f\"><\/span><span class=\"ti-star f\"><\/span><span class=\"ti-star f\"><\/span><\/span> <div class=\"ti-review-text-container ti-review-content\"><!-- R-CONTENT -->Excelentes servicios, personal muy amable, todo muy acogedor y agradable. Altamente recomendado.<!-- R-CONTENT --><\/div> <span class=\"ti-read-more\" data-container=\".ti-review-content\" data-collapse-text=\"Hide\" data-open-text=\"Read more\" ><\/span> <\/div> <\/div>  <div data-empty=\"0\" class=\"ti-review-item source-Google ti-image-layout-thumbnail\" data-id=\"cfcd208495d565ef66e7dff9f98764da\" > <div class=\"ti-inner\"> <div class=\"ti-review-header\"> <div class=\"ti-profile-img\"> <img decoding=\"async\" src=\"https:\/\/lh3.googleusercontent.com\/a\/AATXAJwasQ_nRY_8zAyvHQCwmmKpPbJnUWI8NVCxRfyH=s120-c-c-rp-w64-h64-mo-br100\" srcset=\"https:\/\/lh3.googleusercontent.com\/a\/AATXAJwasQ_nRY_8zAyvHQCwmmKpPbJnUWI8NVCxRfyH=s120-c-c-rp-w64-h64-mo-br100 2x\" alt=\"emmanuel rodriguez\" loading=\"lazy\" \/> <\/div> <div class=\"ti-profile-details\"> <div class=\"ti-name\"> emmanuel rodriguez <\/div> <div class=\"ti-date\">26 August 2021<\/div> <\/div> <\/div> <span class=\"ti-stars\"><span class=\"ti-star f\"><\/span><span class=\"ti-star f\"><\/span><span class=\"ti-star f\"><\/span><span class=\"ti-star f\"><\/span><span class=\"ti-star f\"><\/span><\/span> <div class=\"ti-review-text-container ti-review-content\"><!-- R-CONTENT -->Los servicios que recibo de Accident Quiropractic son excelentes. El Dr. Trav\u00e9s y el personal son amables y se aseguran de que est\u00e9 debidamente informado sobre mi salud y atenci\u00f3n. Definitivamente recomendar\u00eda la quiropr\u00e1ctica de accidentes a mis amigos..<!-- R-CONTENT --><\/div> <span class=\"ti-read-more\" data-container=\".ti-review-content\" data-collapse-text=\"Hide\" data-open-text=\"Read more\" ><\/span> <\/div> <\/div>  <div data-empty=\"0\" class=\"ti-review-item source-Google ti-image-layout-thumbnail\" data-id=\"cfcd208495d565ef66e7dff9f98764da\" > <div class=\"ti-inner\"> <div class=\"ti-review-header\"> <div class=\"ti-profile-img\"> <img decoding=\"async\" src=\"https:\/\/lh3.googleusercontent.com\/a\/AATXAJyPmWkm4vMMtJXMNS27fGidTxdgqnL3jQP_w6DJ=s120-c-c-rp-w64-h64-mo-br100\" srcset=\"https:\/\/lh3.googleusercontent.com\/a\/AATXAJyPmWkm4vMMtJXMNS27fGidTxdgqnL3jQP_w6DJ=s120-c-c-rp-w64-h64-mo-br100 2x\" alt=\"Gabriela Badillo S\u00e1nchez\" loading=\"lazy\" \/> <\/div> <div class=\"ti-profile-details\"> <div class=\"ti-name\"> Gabriela Badillo S\u00e1nchez <\/div> <div class=\"ti-date\">20 August 2021<\/div> <\/div> <\/div> <span class=\"ti-stars\"><span class=\"ti-star f\"><\/span><span class=\"ti-star f\"><\/span><span class=\"ti-star f\"><\/span><span class=\"ti-star f\"><\/span><span class=\"ti-star f\"><\/span><\/span> <div class=\"ti-review-text-container ti-review-content\"><!-- R-CONTENT -->Recomiendo 100% este lugar, las chicas aqu\u00ed son muy \u00fatiles. Te sientes bienvenido cuando vienes aqu\u00ed, siempre al tanto de las preguntas que haces y muy atento.<!-- R-CONTENT --><\/div> <span class=\"ti-read-more\" data-container=\".ti-review-content\" data-collapse-text=\"Hide\" data-open-text=\"Read more\" ><\/span> <\/div> <\/div>  <div data-empty=\"0\" class=\"ti-review-item source-Google ti-image-layout-thumbnail\" data-id=\"cfcd208495d565ef66e7dff9f98764da\" > <div class=\"ti-inner\"> <div class=\"ti-review-header\"> <div class=\"ti-profile-img\"> <img decoding=\"async\" src=\"https:\/\/lh3.googleusercontent.com\/a\/AATXAJzaWQikYhCZ7h2V7pZccXiXF7KDGqWO1_qBRVMB=s120-c-c-rp-w64-h64-mo-br100\" srcset=\"https:\/\/lh3.googleusercontent.com\/a\/AATXAJzaWQikYhCZ7h2V7pZccXiXF7KDGqWO1_qBRVMB=s120-c-c-rp-w64-h64-mo-br100 2x\" alt=\"Paola Zapien\" loading=\"lazy\" \/> <\/div> <div class=\"ti-profile-details\"> <div class=\"ti-name\"> Paola Zapien <\/div> <div class=\"ti-date\">20 July 2021<\/div> <\/div> <\/div> <span class=\"ti-stars\"><span class=\"ti-star f\"><\/span><span class=\"ti-star f\"><\/span><span class=\"ti-star f\"><\/span><span class=\"ti-star f\"><\/span><span class=\"ti-star f\"><\/span><\/span> <div class=\"ti-review-text-container ti-review-content\"><!-- R-CONTENT -->Tienen un excelente equipo de trabajo, cada terapia me ayuda a mejorar mucho despu\u00e9s de mi accidente, el doctor y sus ayudantes hac\u00edan que cada terapia fuera divertida y se enfocaban en mi recuperaci\u00f3n con cada ejercicio, y los masajes sin duda me ayudaron mucho en mi recuperaci\u00f3, sin duda unos de los mejores masajistas\u2026<!-- R-CONTENT --><\/div> <span class=\"ti-read-more\" data-container=\".ti-review-content\" data-collapse-text=\"Hide\" data-open-text=\"Read more\" ><\/span> <\/div> <\/div>  <div data-empty=\"0\" class=\"ti-review-item source-Google ti-image-layout-thumbnail\" data-id=\"cfcd208495d565ef66e7dff9f98764da\" > <div class=\"ti-inner\"> <div class=\"ti-review-header\"> <div class=\"ti-profile-img\"> <img decoding=\"async\" src=\"https:\/\/lh3.googleusercontent.com\/a\/AATXAJyGhcXskOI6vlN1sJwNqsF9iGZo1SI2GI-lFY_5iQ=s120-c-c-rp-w64-h64-mo-br100\" srcset=\"https:\/\/lh3.googleusercontent.com\/a\/AATXAJyGhcXskOI6vlN1sJwNqsF9iGZo1SI2GI-lFY_5iQ=s120-c-c-rp-w64-h64-mo-br100 2x\" alt=\"jazm\u00edn g\" loading=\"lazy\" \/> <\/div> <div class=\"ti-profile-details\"> <div class=\"ti-name\"> jazm\u00edn g <\/div> <div class=\"ti-date\">16 July 2021<\/div> <\/div> <\/div> <span class=\"ti-stars\"><span class=\"ti-star f\"><\/span><span class=\"ti-star f\"><\/span><span class=\"ti-star f\"><\/span><span class=\"ti-star f\"><\/span><span class=\"ti-star f\"><\/span><\/span> <div class=\"ti-review-text-container ti-review-content\"><!-- R-CONTENT -->La gente aqu\u00ed es agradable, los masajes me ayudaron con mi dolor de cuello en general, me ayudaron.<!-- R-CONTENT --><\/div> <span class=\"ti-read-more\" data-container=\".ti-review-content\" data-collapse-text=\"Hide\" data-open-text=\"Read more\" ><\/span> <\/div> <\/div>  <div data-empty=\"0\" class=\"ti-review-item source-Google ti-image-layout-thumbnail\" data-id=\"cfcd208495d565ef66e7dff9f98764da\" > <div class=\"ti-inner\"> <div class=\"ti-review-header\"> <div class=\"ti-profile-img\"> <img decoding=\"async\" src=\"https:\/\/lh3.googleusercontent.com\/a\/AATXAJz6xdO_kmNoQxqFrvMoqDXwZDpBjqtNHZco4kLl=s120-c-c-rp-w64-h64-mo-br100\" srcset=\"https:\/\/lh3.googleusercontent.com\/a\/AATXAJz6xdO_kmNoQxqFrvMoqDXwZDpBjqtNHZco4kLl=s120-c-c-rp-w64-h64-mo-br100 2x\" alt=\"breanna naranjo\" loading=\"lazy\" \/> <\/div> <div class=\"ti-profile-details\"> <div class=\"ti-name\"> breanna naranjo <\/div> <div class=\"ti-date\">9 July 2021<\/div> <\/div> <\/div> <span class=\"ti-stars\"><span class=\"ti-star f\"><\/span><span class=\"ti-star f\"><\/span><span class=\"ti-star f\"><\/span><span class=\"ti-star f\"><\/span><span class=\"ti-star f\"><\/span><\/span> <div class=\"ti-review-text-container ti-review-content\"><!-- R-CONTENT -->La gente all\u00ed es s\u00faper amable y servicial y me siento mucho mejor despu\u00e9s de mi accidente.<!-- R-CONTENT --><\/div> <span class=\"ti-read-more\" data-container=\".ti-review-content\" data-collapse-text=\"Hide\" data-open-text=\"Read more\" ><\/span> <\/div> <\/div>  <\/div> <div class=\"ti-controls-line\"> <div class=\"dot\"><\/div> <\/div>  <\/div> <\/div> <\/div> <\/p>\n<\/div>\n<\/div>\n\n\t<\/div>\n<\/section><section class=\"fw-main-row\"  style=\"background-color:#ba0000;padding-top:40px;padding-bottom:40px;\" >\n\t<div class=\"fw-container\">\n\t\t<div class=\"fw-row\">\n\t\n<div class=\"fw-col-xs-12 fw-col-sm-6\" style=\"\">\n\t\n<div class=\"w-actionbox-text\"><h2 class=\"w-actionbox-title\" data-uw-styling-context=\"true\"><span style=\"color: #ffffff;\">Ahora aceptando nuevos pacientes<\/span><\/h2><\/div>\n<\/div>\n\n<div class=\"fw-col-xs-12 fw-col-sm-6\" style=\"\">\n\t<div class=\"tac\">\n\t\t\t\t\t\t<a href=\"https:\/\/accidentchiropractoryakima.com\/es\/yakima-quiropractico\/\" target=\"_self\" class=\"button-style1\" style=\"\">\n\t\t\t\t<span>CONTACTO YAKIMA<\/span>\n\t\t\t<\/a>\n\t\t\t<\/div><\/div>\n<\/div>\n\n\t<\/div>\n<\/section><\/p>","protected":false},"excerpt":{"rendered":"<p>Read Our Patient Reviews &amp; Submit One of Your Own Our Patient Reviews EXCELLENT Based on 116 reviews Rachael Cook 18 September 2021 The entire staff is incredibly patient and accommodating, Dr. D&#8217;anna genuinely cares, and the massages are awesome! I highly Recommend! Grace Mendoza 2 September 2021 Exelente personal me ayud\u00f3 mucho gracias Leticia [&hellip;]<\/p>","protected":false},"author":1,"featured_media":0,"parent":0,"menu_order":0,"comment_status":"closed","ping_status":"closed","template":"page-landing.php","meta":{"footnotes":""},"class_list":["post-727","page","type-page","status-publish","hentry"],"acf":[],"yoast_head":"<!-- This site is optimized with the Yoast SEO Premium plugin v17.9 (Yoast SEO v27.3) - https:\/\/yoast.com\/product\/yoast-seo-premium-wordpress\/ -->\n<title>Read Patient Reviews | Accident Chiropractic<\/title>\n<meta name=\"description\" content=\"Discover what patients say about their experiences at Accident Chiropractic. Read reviews and testimonials to see how we prioritize your health and recovery.\" \/>\n<meta name=\"robots\" content=\"index, follow, max-snippet:-1, max-image-preview:large, max-video-preview:-1\" \/>\n<link rel=\"canonical\" href=\"https:\/\/accidentchiropractoryakima.com\/es\/resenas\/\" \/>\n<meta property=\"og:locale\" content=\"es_MX\" \/>\n<meta property=\"og:type\" content=\"article\" \/>\n<meta property=\"og:title\" content=\"Reviews\" \/>\n<meta property=\"og:description\" content=\"Discover what patients say about their experiences at Accident Chiropractic. Read reviews and testimonials to see how we prioritize your health and recovery.\" \/>\n<meta property=\"og:url\" content=\"https:\/\/accidentchiropractoryakima.com\/es\/resenas\/\" \/>\n<meta property=\"og:site_name\" content=\"Accidentchiros\" \/>\n<meta property=\"article:modified_time\" content=\"2025-01-28T06:58:41+00:00\" \/>\n<meta property=\"og:image\" content=\"https:\/\/cdn.trustindex.io\/assets\/platform\/Google\/logo.svg\" \/>\n<meta name=\"twitter:card\" content=\"summary_large_image\" \/>\n<meta name=\"twitter:label1\" content=\"Tiempo de lectura\" \/>\n\t<meta name=\"twitter:data1\" content=\"3 minutos\" \/>\n<script type=\"application\/ld+json\" class=\"yoast-schema-graph\">{\"@context\":\"https:\\\/\\\/schema.org\",\"@graph\":[{\"@type\":\"WebPage\",\"@id\":\"https:\\\/\\\/accidentchiropractoryakima.com\\\/reviews\\\/\",\"url\":\"https:\\\/\\\/accidentchiropractoryakima.com\\\/reviews\\\/\",\"name\":\"Read Patient Reviews | Accident Chiropractic\",\"isPartOf\":{\"@id\":\"https:\\\/\\\/accidentchiropractoryakima.com\\\/#website\"},\"primaryImageOfPage\":{\"@id\":\"https:\\\/\\\/accidentchiropractoryakima.com\\\/reviews\\\/#primaryimage\"},\"image\":{\"@id\":\"https:\\\/\\\/accidentchiropractoryakima.com\\\/reviews\\\/#primaryimage\"},\"thumbnailUrl\":\"https:\\\/\\\/cdn.trustindex.io\\\/assets\\\/platform\\\/Google\\\/logo.svg\",\"datePublished\":\"2021-08-31T19:46:28+00:00\",\"dateModified\":\"2025-01-28T06:58:41+00:00\",\"description\":\"Discover what patients say about their experiences at Accident Chiropractic. Read reviews and testimonials to see how we prioritize your health and recovery.\",\"breadcrumb\":{\"@id\":\"https:\\\/\\\/accidentchiropractoryakima.com\\\/reviews\\\/#breadcrumb\"},\"inLanguage\":\"es\",\"potentialAction\":[{\"@type\":\"ReadAction\",\"target\":[\"https:\\\/\\\/accidentchiropractoryakima.com\\\/reviews\\\/\"]}]},{\"@type\":\"ImageObject\",\"inLanguage\":\"es\",\"@id\":\"https:\\\/\\\/accidentchiropractoryakima.com\\\/reviews\\\/#primaryimage\",\"url\":\"https:\\\/\\\/cdn.trustindex.io\\\/assets\\\/platform\\\/Google\\\/logo.svg\",\"contentUrl\":\"https:\\\/\\\/cdn.trustindex.io\\\/assets\\\/platform\\\/Google\\\/logo.svg\"},{\"@type\":\"BreadcrumbList\",\"@id\":\"https:\\\/\\\/accidentchiropractoryakima.com\\\/reviews\\\/#breadcrumb\",\"itemListElement\":[{\"@type\":\"ListItem\",\"position\":1,\"name\":\"Home\",\"item\":\"https:\\\/\\\/accidentchiropractoryakima.com\\\/\"},{\"@type\":\"ListItem\",\"position\":2,\"name\":\"Reviews\"}]},{\"@type\":\"WebSite\",\"@id\":\"https:\\\/\\\/accidentchiropractoryakima.com\\\/#website\",\"url\":\"https:\\\/\\\/accidentchiropractoryakima.com\\\/\",\"name\":\"Accidentchiros\",\"description\":\"My WordPress Blog\",\"potentialAction\":[{\"@type\":\"SearchAction\",\"target\":{\"@type\":\"EntryPoint\",\"urlTemplate\":\"https:\\\/\\\/accidentchiropractoryakima.com\\\/?s={search_term_string}\"},\"query-input\":{\"@type\":\"PropertyValueSpecification\",\"valueRequired\":true,\"valueName\":\"search_term_string\"}}],\"inLanguage\":\"es\"},{\"@type\":\"ImageObject\",\"inLanguage\":\"es\",\"@id\":\"https:\\\/\\\/accidentchiropractoryakima.com\\\/reviews\\\/#local-main-organization-logo\",\"url\":\"\",\"contentUrl\":\"\",\"caption\":\"Accidentchiros\"}]}<\/script>\n<!-- \/ Yoast SEO Premium plugin. -->","yoast_head_json":{"title":"Read Patient Reviews | Accident Chiropractic","description":"Discover what patients say about their experiences at Accident Chiropractic. Read reviews and testimonials to see how we prioritize your health and recovery.","robots":{"index":"index","follow":"follow","max-snippet":"max-snippet:-1","max-image-preview":"max-image-preview:large","max-video-preview":"max-video-preview:-1"},"canonical":"https:\/\/accidentchiropractoryakima.com\/es\/resenas\/","og_locale":"es_MX","og_type":"article","og_title":"Reviews","og_description":"Discover what patients say about their experiences at Accident Chiropractic. Read reviews and testimonials to see how we prioritize your health and recovery.","og_url":"https:\/\/accidentchiropractoryakima.com\/es\/resenas\/","og_site_name":"Accidentchiros","article_modified_time":"2025-01-28T06:58:41+00:00","og_image":[{"url":"https:\/\/cdn.trustindex.io\/assets\/platform\/Google\/logo.svg","type":"","width":"","height":""}],"twitter_card":"summary_large_image","twitter_misc":{"Tiempo de lectura":"3 minutos"},"schema":{"@context":"https:\/\/schema.org","@graph":[{"@type":"WebPage","@id":"https:\/\/accidentchiropractoryakima.com\/reviews\/","url":"https:\/\/accidentchiropractoryakima.com\/reviews\/","name":"Read Patient Reviews | Accident Chiropractic","isPartOf":{"@id":"https:\/\/accidentchiropractoryakima.com\/#website"},"primaryImageOfPage":{"@id":"https:\/\/accidentchiropractoryakima.com\/reviews\/#primaryimage"},"image":{"@id":"https:\/\/accidentchiropractoryakima.com\/reviews\/#primaryimage"},"thumbnailUrl":"https:\/\/cdn.trustindex.io\/assets\/platform\/Google\/logo.svg","datePublished":"2021-08-31T19:46:28+00:00","dateModified":"2025-01-28T06:58:41+00:00","description":"Discover what patients say about their experiences at Accident Chiropractic. Read reviews and testimonials to see how we prioritize your health and recovery.","breadcrumb":{"@id":"https:\/\/accidentchiropractoryakima.com\/reviews\/#breadcrumb"},"inLanguage":"es","potentialAction":[{"@type":"ReadAction","target":["https:\/\/accidentchiropractoryakima.com\/reviews\/"]}]},{"@type":"ImageObject","inLanguage":"es","@id":"https:\/\/accidentchiropractoryakima.com\/reviews\/#primaryimage","url":"https:\/\/cdn.trustindex.io\/assets\/platform\/Google\/logo.svg","contentUrl":"https:\/\/cdn.trustindex.io\/assets\/platform\/Google\/logo.svg"},{"@type":"BreadcrumbList","@id":"https:\/\/accidentchiropractoryakima.com\/reviews\/#breadcrumb","itemListElement":[{"@type":"ListItem","position":1,"name":"Home","item":"https:\/\/accidentchiropractoryakima.com\/"},{"@type":"ListItem","position":2,"name":"Reviews"}]},{"@type":"WebSite","@id":"https:\/\/accidentchiropractoryakima.com\/#website","url":"https:\/\/accidentchiropractoryakima.com\/","name":"Accidentchiros","description":"My WordPress Blog","potentialAction":[{"@type":"SearchAction","target":{"@type":"EntryPoint","urlTemplate":"https:\/\/accidentchiropractoryakima.com\/?s={search_term_string}"},"query-input":{"@type":"PropertyValueSpecification","valueRequired":true,"valueName":"search_term_string"}}],"inLanguage":"es"},{"@type":"ImageObject","inLanguage":"es","@id":"https:\/\/accidentchiropractoryakima.com\/reviews\/#local-main-organization-logo","url":"","contentUrl":"","caption":"Accidentchiros"}]}},"_links":{"self":[{"href":"https:\/\/accidentchiropractoryakima.com\/es\/wp-json\/wp\/v2\/pages\/727","targetHints":{"allow":["GET"]}}],"collection":[{"href":"https:\/\/accidentchiropractoryakima.com\/es\/wp-json\/wp\/v2\/pages"}],"about":[{"href":"https:\/\/accidentchiropractoryakima.com\/es\/wp-json\/wp\/v2\/types\/page"}],"author":[{"embeddable":true,"href":"https:\/\/accidentchiropractoryakima.com\/es\/wp-json\/wp\/v2\/users\/1"}],"replies":[{"embeddable":true,"href":"https:\/\/accidentchiropractoryakima.com\/es\/wp-json\/wp\/v2\/comments?post=727"}],"version-history":[{"count":0,"href":"https:\/\/accidentchiropractoryakima.com\/es\/wp-json\/wp\/v2\/pages\/727\/revisions"}],"wp:attachment":[{"href":"https:\/\/accidentchiropractoryakima.com\/es\/wp-json\/wp\/v2\/media?parent=727"}],"curies":[{"name":"wp","href":"https:\/\/api.w.org\/{rel}","templated":true}]}}