{"id":1088,"date":"2022-06-09T14:54:57","date_gmt":"2022-06-09T14:54:57","guid":{"rendered":"https:\/\/accidentchiropractoryakima.com\/?page_id=1088"},"modified":"2022-06-09T14:54:58","modified_gmt":"2022-06-09T14:54:58","slug":"yakima-chiropractor_bkp","status":"publish","type":"page","link":"https:\/\/accidentchiropractoryakima.com\/es\/yakima-chiropractor_bkp\/","title":{"rendered":"Yakima Chiropractor_bkp"},"content":{"rendered":"<p><section class=\"fw-main-row\"   >\n\t<div class=\"fw-container-fluid no-padding\">\n\t\t<div class=\"fw-row\">\n\t\n<div class=\"fw-col-xs-12\" style=\"\">\n\t<section class=\"banner-block banner-block-69f2eea341263 fw-main-row\" style=\"height:450px;\">\n\t\t<div class=\"item dark-bg\"  style=\"height:450px;background-image: url(\/\/accidentchiropractoryakima.com\/wp-content\/uploads\/2021\/09\/Screenshot-13.png);\">\n\t\t<div class=\"fw-container centered-container tac\">\n\t\t\t\t\t\t<h2 class=\"h1\"><span>Quiropr\u00e1ctica de accidentes de Yakima<\/span><\/h2>\n\t\t\t\t\t\t<p>1111 West Spruce Street #28 Yakima, WA 98902 <br>\r\n\u00a1Consultas gratuitas disponibles! <br>\r\n(No incluye examen ni primer tratamiento)<\/p>\n\t\t\t\t\t\t\t\t\t\t\t\t<a href=\"tel:5094521111\" class=\"button-style1\"><span>(509) 452-1111<\/span><\/a>\n\t\t\t\t\t\t\t\t\t<\/div>\n\t<\/div>\n\t<\/section><\/div>\n<\/div>\n\n\t<\/div>\n<\/section><section class=\"fw-main-row\"  style=\"padding-top:40px;padding-bottom:30px;\" >\n\t<div class=\"fw-container\">\n\t\t<div class=\"fw-row\">\n\t\n<div class=\"fw-col-xs-12\" style=\"\">\n\t<h2 class='fw-special-title heading-decor tac' style='margin-bottom:30px;'>\n\t<span>Contactos<\/span>\n\t<\/h2><\/div>\n<\/div>\n\n<div class=\"fw-row\">\n\t\n<div class=\"fw-col-xs-12 fw-col-sm-4 contact-col\" style=\"\">\n\t<span class=\"icon\">\n\t<i class=\"icon-font icon-placeholder-1\"><\/i>\n\t<\/span>\n<p>1111 West Spruce Street #28<br \/>Yakima, WA 98902<\/p>\n<\/div>\n\n<div class=\"fw-col-xs-12 fw-col-sm-4 contact-col\" style=\"\">\n\t<span class=\"icon\">\n\t<i class=\"icon-font icon-telephone-1\"><\/i>\n\t<\/span>\n<p><a href=\"tel:5094521111\">(509) 452-1111<\/a><\/p>\n<\/div>\n\n<div class=\"fw-col-xs-12 fw-col-sm-4 contact-col\" style=\"\">\n\t<span class=\"icon\">\n\t<i class=\"icon-font icon-envelope\"><\/i>\n\t<\/span>\n<p><a href=\"#\">FAX: (509) 210-4343<\/a><\/p>\n<\/div>\n<\/div>\n\n\t<\/div>\n<\/section><section class=\"fw-main-row\"  style=\"background-color:#efefef;padding-top:40px;padding-bottom:50px;\" >\n\t<div class=\"fw-container\">\n\t\t<div class=\"fw-row\">\n\t\n<div class=\"fw-col-xs-12\" style=\"\">\n\t<h2 class='fw-special-title heading-decor tac' style='margin-bottom:40px;'>\n\t<span>Horas Laborales<\/span>\n\t<\/h2>\n<div class=\"fw-row seven-cols pt20 pb40\">\n\t<div class=\"fw-col-xs-6 fw-col-sm-14 day-item style1 closed\">\n\t\t<div class=\"circle\">\n\t\t\t<div class=\"cell\">sun<\/div>\n\t\t<\/div>\n\t\t<p>By Appointment<\/p>\n\t<\/div>\n\t<div class=\"fw-col-xs-6 fw-col-sm-14 day-item style2\">\n\t\t<div class=\"circle\">\n\t\t\t<div class=\"cell\">mon<\/div>\n\t\t<\/div>\n\t\t<p>10:00 - 19:00<\/p>\n\t<\/div>\n\t<div class=\"fw-col-xs-6 fw-col-sm-14 day-item style3\">\n\t\t<div class=\"circle\">\n\t\t\t<div class=\"cell\">tue<\/div>\n\t\t<\/div>\n\t\t<p>8:00 a. m. - 7:00 p. m.<\/p>\n\t<\/div>\n\t<div class=\"fw-col-xs-6 fw-col-sm-14 day-item style4\">\n\t\t<div class=\"circle\">\n\t\t\t<div class=\"cell\">wed<\/div>\n\t\t<\/div>\n\t\t<p>10:00 - 19:00<\/p>\n\t<\/div>\n\t<div class=\"fw-col-xs-6 fw-col-sm-14 day-item style5\">\n\t\t<div class=\"circle\">\n\t\t\t<div class=\"cell\">thu<\/div>\n\t\t<\/div>\n\t\t<p>10:00 - 19:00<\/p>\n\t<\/div>\n\t<div class=\"fw-col-xs-6 fw-col-sm-14 day-item style6\">\n\t\t<div class=\"circle\">\n\t\t\t<div class=\"cell\">fri<\/div>\n\t\t<\/div>\n\t\t<p>8:00 a. m. - 4:00 p. m.<\/p>\n\t<\/div>\n\t<div class=\"fw-col-xs-6 fw-col-sm-14 day-item style7 closed\">\n\t\t<div class=\"circle\">\n\t\t\t<div class=\"cell\">sat<\/div>\n\t\t<\/div>\n\t\t<p>By Appointment<\/p>\n\t<\/div>\n<\/div><\/div>\n<\/div>\n\n\t<\/div>\n<\/section><section class=\"fw-main-row\"  style=\"padding-top:30px;padding-bottom:45px;\" >\n\t<div class=\"fw-container\">\n\t\t<div class=\"fw-row\">\n\t\n<div class=\"fw-col-xs-12\" style=\"\">\n\t<h2 class='fw-special-title heading-decor tac' style='margin-bottom:40px;'>\n\t<span>Solicitar una consulta<\/span>\n\t<\/h2><\/div>\n<\/div>\n\n<div class=\"fw-row\">\n\t\n<div class=\"fw-col-xs-12\" style=\"\">\n\t\n<p>\n<div class=\"wpcf7 no-js\" id=\"wpcf7-f996-o1\" lang=\"ru-RU\" dir=\"ltr\">\n<div class=\"screen-reader-response\"><p role=\"status\" aria-live=\"polite\" aria-atomic=\"true\"><\/p> <ul><\/ul><\/div>\n<form action=\"\/es\/wp-json\/wp\/v2\/pages\/1088#wpcf7-f996-o1\" method=\"post\" class=\"wpcf7-form init form fw-row\" aria-label=\"Formulario de contacto\" novalidate=\"novalidate\" data-status=\"init\" data-trp-original-action=\"\/es\/wp-json\/wp\/v2\/pages\/1088#wpcf7-f996-o1\">\n<div style=\"display: none;\">\n<input type=\"hidden\" name=\"_wpcf7\" value=\"996\" \/>\n<input type=\"hidden\" name=\"_wpcf7_version\" value=\"5.7.7\" \/>\n<input type=\"hidden\" name=\"_wpcf7_locale\" value=\"ru_RU\" \/>\n<input type=\"hidden\" name=\"_wpcf7_unit_tag\" value=\"wpcf7-f996-o1\" \/>\n<input type=\"hidden\" name=\"_wpcf7_container_post\" value=\"0\" \/>\n<input type=\"hidden\" name=\"_wpcf7_posted_data_hash\" value=\"\" \/>\n<input type=\"hidden\" name=\"_wpcf7_recaptcha_response\" value=\"\" \/>\n<\/div>\n<div class=\"fw-col-sm-6 fw-col-md-3\">\n\t<p><span class=\"wpcf7-form-control-wrap\" data-name=\"clientname\"><input size=\"40\" class=\"wpcf7-form-control wpcf7-text wpcf7-validates-as-required style1\" aria-required=\"true\" aria-invalid=\"false\" placeholder=\"Su nombre *\" value=\"\" type=\"text\" name=\"clientname\" \/><\/span>\n\t<\/p>\n<\/div>\n<div class=\"fw-col-sm-6 fw-col-md-3\">\n\t<p><span class=\"wpcf7-form-control-wrap\" data-name=\"email-105\"><input size=\"40\" class=\"wpcf7-form-control wpcf7-text wpcf7-email wpcf7-validates-as-required wpcf7-validates-as-email style1\" aria-required=\"true\" aria-invalid=\"false\" placeholder=\"Tu correo electr\u00f3nico *\" value=\"\" type=\"email\" name=\"email-105\" \/><\/span>\n\t<\/p>\n<\/div>\n<div class=\"fw-col-sm-6 fw-col-md-3\">\n\t<p><span class=\"wpcf7-form-control-wrap\" data-name=\"phone\"><input size=\"40\" class=\"wpcf7-form-control wpcf7-text wpcf7-validates-as-required style1\" aria-required=\"true\" aria-invalid=\"false\" placeholder=\"N\u00famero de tel\u00e9fono *\" value=\"\" type=\"text\" name=\"phone\" \/><\/span>\n\t<\/p>\n<\/div>\n<div class=\"fw-col-sm-6 fw-col-md-3\">\n\t<p><span class=\"wpcf7-form-control-wrap\" data-name=\"PreferredClinic\"><select class=\"wpcf7-form-control wpcf7-select wpcf7-validates-as-required style1\" aria-required=\"true\" aria-invalid=\"false\" name=\"PreferredClinic\"><option value=\"Preferred Clinic *\">Cl\u00ednica Preferida *<\/option><option value=\"Yakima\">Yakima<\/option><option value=\"Pasco\">Pasco<\/option><\/select><\/span>\n\t<\/p>\n<\/div>\n<div class=\"fw-col-sm-6 fw-col-md-3\">\n\t<p><span class=\"wpcf7-form-control-wrap\" data-name=\"Isthisrelatedto\"><select class=\"wpcf7-form-control wpcf7-select wpcf7-validates-as-required style1\" aria-required=\"true\" aria-invalid=\"false\" name=\"Isthisrelatedto\"><option value=\"Is this related to  *\">\u00bfEst\u00e1 esto relacionado con *<\/option><option value=\"Car accident\">Accidente automovilistico<\/option><option value=\"Work Accident\">Accidente laboral<\/option><option value=\"Slip and Fall\">Resbalar y caer<\/option><option value=\"Sports Injury\">Lesion deportiva<\/option><option value=\"Other\">Otro<\/option><\/select><\/span>\n\t<\/p>\n<\/div>\n<div class=\"fw-col-sm-6 fw-col-md-3\">\n\t<p><span class=\"wpcf7-form-control-wrap\" data-name=\"date\"><input size=\"40\" class=\"wpcf7-form-control wpcf7-text style1\" aria-invalid=\"false\" placeholder=\"Fecha y hora de la llamada\" value=\"\" type=\"text\" name=\"date\" \/><\/span>\n\t<\/p>\n<\/div>\n<div class=\"fw-col-md-12\">\n\t<p><span class=\"wpcf7-form-control-wrap\" data-name=\"text\"><textarea cols=\"40\" rows=\"10\" class=\"wpcf7-form-control wpcf7-textarea style1\" aria-invalid=\"false\" placeholder=\"\u00bfCu\u00e1l es la naturaleza de su cita y a qui\u00e9n le gustar\u00eda ver? *\" name=\"text\"><\/textarea><\/span>\n\t<span class=\"wpcf7-form-control-wrap recaptcha\" data-name=\"recaptcha\"><span data-sitekey=\"6Le3_4UrAAAAAJxY8kFQ4b2dzR2IzxOThaAOYh_u\" class=\"wpcf7-form-control g-recaptcha wpcf7-recaptcha\"><\/span>\r\n<noscript>\r\n\t<div class=\"grecaptcha-noscript\">\r\n\t\t<iframe src=\"https:\/\/www.recaptcha.net\/recaptcha\/api\/fallback?k=6Le3_4UrAAAAAJxY8kFQ4b2dzR2IzxOThaAOYh_u\" frameborder=\"0\" scrolling=\"no\" width=\"310\" height=\"430\">\r\n\t\t<\/iframe>\r\n\t\t<textarea name=\"g-recaptcha-response\" rows=\"3\" cols=\"40\" placeholder=\"Aqu\u00ed la respuesta de reCAPTCHA\">\r\n\t\t<\/textarea>\r\n\t<\/div>\r\n<\/noscript>\r\n<\/span>\n\t<\/p>\n\t<div class=\"tac\">\n\t\t<p><input class=\"wpcf7-form-control has-spinner wpcf7-submit button-style1\" type=\"submit\" value=\"Enviar petici\u00f3n\" \/>\n\t\t<\/p>\n\t<\/div>\n<\/div><div class=\"wpcf7-response-output\" aria-hidden=\"true\"><\/div>\n<input type=\"hidden\" name=\"trp-form-language\" value=\"es\"\/><\/form>\n<\/div>\n<\/p>\n<\/div>\n<\/div>\n\n\t<\/div>\n<\/section><section class=\"fw-main-row\"   >\n\t<div class=\"fw-container-fluid no-padding\">\n\t\t<div class=\"fw-row\">\n\t\n<div class=\"fw-col-xs-12\" style=\"\">\n\t\n<p><iframe style=\"width:100%;\" src=\"https:\/\/www.google.com\/maps\/embed?pb=!1m14!1m8!1m3!1d5483.282704719526!2d-120.523736!3d46.594327!3m2!1i1024!2i768!4f13.1!3m3!1m2!1s0x0%3A0x6852eb6cc14a53c9!2sYakima%20Accident%20Chiropractic!5e0!3m2!1sen!2sus!4v1630596395400!5m2!1sen!2sus\" width=\"100%\" height=\"450\" allowfullscreen=\"\" loading=\"lazy\"><\/iframe><\/p>\n<\/div>\n<\/div>\n\n\t<\/div>\n<\/section><\/p>","protected":false},"excerpt":{"rendered":"<p>Yakima Accident Chiropractic 1111 West Spruce Street #28 Yakima, WA 98902 Free Consultations Available! (Does not include exam or first treatment) (509) 452-1111 Contacts 1111 West Spruce Street #28Yakima, WA 98902 (509) 452-1111 FAX: (509) 210-4343 Working Hours sun By Appointment mon 10:00am &#8211; 7:00pm tue 8:00am &#8211; 7:00pm wed 10:00am &#8211; 7:00pm thu 10:00am [&hellip;]<\/p>","protected":false},"author":2,"featured_media":0,"parent":0,"menu_order":0,"comment_status":"closed","ping_status":"closed","template":"page-landing.php","meta":{"footnotes":""},"class_list":["post-1088","page","type-page","status-publish","hentry"],"acf":[],"yoast_head":"<!-- This site is optimized with the Yoast SEO Premium plugin v17.9 (Yoast SEO v27.3) - https:\/\/yoast.com\/product\/yoast-seo-premium-wordpress\/ -->\n<title>Yakima Chiropractor | Car and Work Injury No Out of Pocket<\/title>\n<meta name=\"description\" content=\"Get best and affordable chiropractor services only at Accident Chiropractor. We offer a complete range of premium treatment for back pain, whiplash and slip injury.\" \/>\n<meta name=\"robots\" content=\"index, follow, max-snippet:-1, max-image-preview:large, max-video-preview:-1\" \/>\n<link rel=\"canonical\" href=\"https:\/\/accidentchiropractoryakima.com\/es\/yakima-chiropractor_bkp\/\" \/>\n<meta property=\"og:locale\" content=\"es_MX\" \/>\n<meta property=\"og:type\" content=\"article\" \/>\n<meta property=\"og:title\" content=\"Yakima Chiropractor_bkp\" \/>\n<meta property=\"og:description\" content=\"Get best and affordable chiropractor services only at Accident Chiropractor. We offer a complete range of premium treatment for back pain, whiplash and slip injury.\" \/>\n<meta property=\"og:url\" content=\"https:\/\/accidentchiropractoryakima.com\/es\/yakima-chiropractor_bkp\/\" \/>\n<meta property=\"og:site_name\" content=\"Accidentchiros\" \/>\n<meta property=\"article:modified_time\" content=\"2022-06-09T14:54:58+00:00\" \/>\n<meta name=\"twitter:card\" content=\"summary_large_image\" \/>\n<meta name=\"twitter:label1\" content=\"Tiempo de lectura\" \/>\n\t<meta name=\"twitter:data1\" content=\"1 minuto\" \/>\n<script type=\"application\/ld+json\" class=\"yoast-schema-graph\">{\"@context\":\"https:\\\/\\\/schema.org\",\"@graph\":[{\"@type\":\"WebPage\",\"@id\":\"https:\\\/\\\/accidentchiropractoryakima.com\\\/yakima-chiropractor_bkp\\\/\",\"url\":\"https:\\\/\\\/accidentchiropractoryakima.com\\\/yakima-chiropractor_bkp\\\/\",\"name\":\"Yakima Chiropractor | Car and Work Injury No Out of Pocket\",\"isPartOf\":{\"@id\":\"https:\\\/\\\/accidentchiropractoryakima.com\\\/#website\"},\"datePublished\":\"2022-06-09T14:54:57+00:00\",\"dateModified\":\"2022-06-09T14:54:58+00:00\",\"description\":\"Get best and affordable chiropractor services only at Accident Chiropractor. We offer a complete range of premium treatment for back pain, whiplash and slip injury.\",\"breadcrumb\":{\"@id\":\"https:\\\/\\\/accidentchiropractoryakima.com\\\/yakima-chiropractor_bkp\\\/#breadcrumb\"},\"inLanguage\":\"es\",\"potentialAction\":[{\"@type\":\"ReadAction\",\"target\":[\"https:\\\/\\\/accidentchiropractoryakima.com\\\/yakima-chiropractor_bkp\\\/\"]}]},{\"@type\":\"BreadcrumbList\",\"@id\":\"https:\\\/\\\/accidentchiropractoryakima.com\\\/yakima-chiropractor_bkp\\\/#breadcrumb\",\"itemListElement\":[{\"@type\":\"ListItem\",\"position\":1,\"name\":\"Home\",\"item\":\"https:\\\/\\\/accidentchiropractoryakima.com\\\/\"},{\"@type\":\"ListItem\",\"position\":2,\"name\":\"Yakima Chiropractor_bkp\"}]},{\"@type\":\"WebSite\",\"@id\":\"https:\\\/\\\/accidentchiropractoryakima.com\\\/#website\",\"url\":\"https:\\\/\\\/accidentchiropractoryakima.com\\\/\",\"name\":\"Accidentchiros\",\"description\":\"My WordPress Blog\",\"potentialAction\":[{\"@type\":\"SearchAction\",\"target\":{\"@type\":\"EntryPoint\",\"urlTemplate\":\"https:\\\/\\\/accidentchiropractoryakima.com\\\/?s={search_term_string}\"},\"query-input\":{\"@type\":\"PropertyValueSpecification\",\"valueRequired\":true,\"valueName\":\"search_term_string\"}}],\"inLanguage\":\"es\"},{\"@type\":\"ImageObject\",\"inLanguage\":\"es\",\"@id\":\"https:\\\/\\\/accidentchiropractoryakima.com\\\/yakima-chiropractor_bkp\\\/#local-main-organization-logo\",\"url\":\"\",\"contentUrl\":\"\",\"caption\":\"Accidentchiros\"}]}<\/script>\n<!-- \/ Yoast SEO Premium plugin. -->","yoast_head_json":{"title":"Yakima Chiropractor | Car and Work Injury No Out of Pocket","description":"Get best and affordable chiropractor services only at Accident Chiropractor. We offer a complete range of premium treatment for back pain, whiplash and slip injury.","robots":{"index":"index","follow":"follow","max-snippet":"max-snippet:-1","max-image-preview":"max-image-preview:large","max-video-preview":"max-video-preview:-1"},"canonical":"https:\/\/accidentchiropractoryakima.com\/es\/yakima-chiropractor_bkp\/","og_locale":"es_MX","og_type":"article","og_title":"Yakima Chiropractor_bkp","og_description":"Get best and affordable chiropractor services only at Accident Chiropractor. We offer a complete range of premium treatment for back pain, whiplash and slip injury.","og_url":"https:\/\/accidentchiropractoryakima.com\/es\/yakima-chiropractor_bkp\/","og_site_name":"Accidentchiros","article_modified_time":"2022-06-09T14:54:58+00:00","twitter_card":"summary_large_image","twitter_misc":{"Tiempo de lectura":"1 minuto"},"schema":{"@context":"https:\/\/schema.org","@graph":[{"@type":"WebPage","@id":"https:\/\/accidentchiropractoryakima.com\/yakima-chiropractor_bkp\/","url":"https:\/\/accidentchiropractoryakima.com\/yakima-chiropractor_bkp\/","name":"Yakima Chiropractor | Car and Work Injury No Out of Pocket","isPartOf":{"@id":"https:\/\/accidentchiropractoryakima.com\/#website"},"datePublished":"2022-06-09T14:54:57+00:00","dateModified":"2022-06-09T14:54:58+00:00","description":"Get best and affordable chiropractor services only at Accident Chiropractor. We offer a complete range of premium treatment for back pain, whiplash and slip injury.","breadcrumb":{"@id":"https:\/\/accidentchiropractoryakima.com\/yakima-chiropractor_bkp\/#breadcrumb"},"inLanguage":"es","potentialAction":[{"@type":"ReadAction","target":["https:\/\/accidentchiropractoryakima.com\/yakima-chiropractor_bkp\/"]}]},{"@type":"BreadcrumbList","@id":"https:\/\/accidentchiropractoryakima.com\/yakima-chiropractor_bkp\/#breadcrumb","itemListElement":[{"@type":"ListItem","position":1,"name":"Home","item":"https:\/\/accidentchiropractoryakima.com\/"},{"@type":"ListItem","position":2,"name":"Yakima Chiropractor_bkp"}]},{"@type":"WebSite","@id":"https:\/\/accidentchiropractoryakima.com\/#website","url":"https:\/\/accidentchiropractoryakima.com\/","name":"Accidentchiros","description":"My WordPress Blog","potentialAction":[{"@type":"SearchAction","target":{"@type":"EntryPoint","urlTemplate":"https:\/\/accidentchiropractoryakima.com\/?s={search_term_string}"},"query-input":{"@type":"PropertyValueSpecification","valueRequired":true,"valueName":"search_term_string"}}],"inLanguage":"es"},{"@type":"ImageObject","inLanguage":"es","@id":"https:\/\/accidentchiropractoryakima.com\/yakima-chiropractor_bkp\/#local-main-organization-logo","url":"","contentUrl":"","caption":"Accidentchiros"}]}},"_links":{"self":[{"href":"https:\/\/accidentchiropractoryakima.com\/es\/wp-json\/wp\/v2\/pages\/1088","targetHints":{"allow":["GET"]}}],"collection":[{"href":"https:\/\/accidentchiropractoryakima.com\/es\/wp-json\/wp\/v2\/pages"}],"about":[{"href":"https:\/\/accidentchiropractoryakima.com\/es\/wp-json\/wp\/v2\/types\/page"}],"author":[{"embeddable":true,"href":"https:\/\/accidentchiropractoryakima.com\/es\/wp-json\/wp\/v2\/users\/2"}],"replies":[{"embeddable":true,"href":"https:\/\/accidentchiropractoryakima.com\/es\/wp-json\/wp\/v2\/comments?post=1088"}],"version-history":[{"count":0,"href":"https:\/\/accidentchiropractoryakima.com\/es\/wp-json\/wp\/v2\/pages\/1088\/revisions"}],"wp:attachment":[{"href":"https:\/\/accidentchiropractoryakima.com\/es\/wp-json\/wp\/v2\/media?parent=1088"}],"curies":[{"name":"wp","href":"https:\/\/api.w.org\/{rel}","templated":true}]}}