{"id":10,"date":"2016-10-10T09:39:00","date_gmt":"2016-10-10T06:39:00","guid":{"rendered":"https:\/\/accidentchiropractoryakima.com\/?page_id=10"},"modified":"2026-03-11T04:15:26","modified_gmt":"2026-03-11T04:15:26","slug":"about","status":"publish","type":"page","link":"https:\/\/accidentchiropractoryakima.com\/es\/pages\/acerca-de\/","title":{"rendered":"Sobre Nosotros"},"content":{"rendered":"<p><section class=\"fw-main-row\"   >\n\t<div class=\"fw-container-fluid no-padding\">\n\t\t<div class=\"fw-row\">\n\t\n<div class=\"fw-col-xs-12\" style=\"\">\n\t<section class=\"banner-block banner-block-69f456d72501e fw-main-row\" style=\"height:350px;\">\n\t\t<div class=\"item dark-bg\"  style=\"height:350px;background-image: url(\/\/accidentchiropractoryakima.com\/wp-content\/uploads\/2021\/08\/Screenshot.png);\">\n\t\t<div class=\"fw-container centered-container tac\">\n\t\t\t\t\t\t<h2 class=\"h1 heading-decor big\"><span>Quiropr\u00e1ctica de accidentes<br>Nuestra Historia<\/span><\/h2>\n\t\t\t\t\t<\/div>\n\t<\/div>\n\t<\/section><\/div>\n<\/div>\n\n\t<\/div>\n<\/section><section class=\"fw-main-row\"  style=\"padding-top:40px;padding-bottom:50px;\" >\n\t<div class=\"fw-container\">\n\t\t<div class=\"fw-row\">\n\t\n<div class=\"fw-col-xs-12\" style=\"\">\n\t<h2 class='fw-special-title heading-decor tac' style=''>\n\t<span>La historia de la quiropr\u00e1ctica de accidentes<\/span>\n\t<\/h2><\/div>\n<\/div>\n\n<div class=\"fw-row\">\n\t\n<div class=\"fw-col-xs-12 fw-col-sm-6\" style=\"\">\n\t\n<p><img decoding=\"async\" class=\"alignnone size-full wp-image-110 aligncenter\" src=\"https:\/\/accidentchiropractoryakima.com\/wp-content\/uploads\/2021\/08\/Chiropractic-Office-in-Pasco-WA.png\" alt=\"gente\" \/><\/p>\n<\/div>\n\n<div class=\"fw-col-xs-12 fw-col-sm-6\" style=\"\">\n\t\t<div class=\"content\">\n\n<p>Todo comenz\u00f3 cuando yo era joven. Un d\u00eda, mientras practicaba deportes, vi a mi amigo gravemente herido en el campo. Muchos de mis otros amigos se detuvieron para re\u00edr; Corr\u00ed para ayudar. La lesi\u00f3n fue bastante grave, mi amigo no pod\u00eda caminar debido al dolor. Esto fue antes de los tel\u00e9fonos celulares, por lo que solo hab\u00eda una cosa que hacer. Lo ayud\u00e9 a levantarse para que se apoyara en m\u00ed y estaba feliz de ser su muleta para llevarlo a casa. Aprend\u00ed algo sobre m\u00ed ese d\u00eda. Descubr\u00ed que ayudar a las personas heridas en su momento de necesidad se sent\u00eda bien. Aprend\u00ed que era una parte integral de lo que yo era.<\/p><p>Como Accident Chiropractic ha cobrado vida propia, me enorgullece facilitar un entorno al que a los pacientes y a mi personal les encanta venir y un lugar seguro para que los pacientes exploren su camino de curaci\u00f3n.<\/p><p>\u2013 George Cluen (Propietario)<\/p>\n\t<\/div>\n<div class=\"tal\">\n\t\t\t\t\t\t<a href=\"\" target=\"_blank\" class=\"button-style1\" style=\"\">\n\t\t\t\t<span>m\u00e1s informaci\u00f3n<\/span>\n\t\t\t<\/a>\n\t\t\t<\/div><\/div>\n<\/div>\n\n\t<\/div>\n<\/section><section class=\"fw-main-row\"  style=\"padding-top:40px;padding-bottom:40px;\" >\n\t<div class=\"fw-container\">\n\t\t<div class=\"fw-row\">\n\t\n<div class=\"fw-col-xs-12\" style=\"\">\n\t<h2 class='fw-special-title heading-decor tac' style='margin-bottom:55px;'>\n\t<span>PRINCIPIOS FUNDADORES DE LA QUIROPR\u00c1CTICA DE ACCIDENTES<\/span>\n\t<\/h2><\/div>\n<\/div>\n\n<div class=\"fw-row\">\n\t\n<div class=\"fw-col-xs-12\" style=\"\">\n\t\t\t\t<div class=\"fw-row\">\t\t<!-- Icon box -->\n\t\t<div class=\"fw-col-sm-4 icon-box-item\">\n\t\t\t\t\t\t\t<div class=\"icon icon-font icon-correct\"><\/div>\n\t\t\t\t\t\t<div class=\"text\">\n\t\t\t\t<div class=\"h4\"><\/div>\n\t\t\t\t<p>Comprender las lesiones de nuestros pacientes y sus objetivos<\/p>\n\t\t\t<\/div>\n\t\t<\/div>\n\t\t<!-- END Icon box -->\n\t\t\t\t\t\t\t<!-- Icon box -->\n\t\t<div class=\"fw-col-sm-4 icon-box-item\">\n\t\t\t\t\t\t\t<div class=\"icon icon-font icon-correct\"><\/div>\n\t\t\t\t\t\t<div class=\"text\">\n\t\t\t\t<div class=\"h4\"><\/div>\n\t\t\t\t<p>Cree planes de tratamiento que aceleren el proceso de curaci\u00f3n<\/p>\n\t\t\t<\/div>\n\t\t<\/div>\n\t\t<!-- END Icon box -->\n\t\t\t\t\t\t\t<!-- Icon box -->\n\t\t<div class=\"fw-col-sm-4 icon-box-item\">\n\t\t\t\t\t\t\t<div class=\"icon icon-font icon-correct\"><\/div>\n\t\t\t\t\t\t<div class=\"text\">\n\t\t\t\t<div class=\"h4\"><\/div>\n\t\t\t\t<p>Utilice varios tratamientos diferentes para mejorar los resultados de los pacientes<\/p>\n\t\t\t<\/div>\n\t\t<\/div>\n\t\t<!-- END Icon box -->\n\t\t<\/div>\t\t\t<div class=\"fw-row\">\t\t<!-- Icon box -->\n\t\t<div class=\"fw-col-sm-4 icon-box-item\">\n\t\t\t\t\t\t\t<div class=\"icon icon-font icon-correct\"><\/div>\n\t\t\t\t\t\t<div class=\"text\">\n\t\t\t\t<div class=\"h4\"><\/div>\n\t\t\t\t<p>Reconocer las necesidades legales de nuestros pacientes y sus abogados\r\n<\/p>\n\t\t\t<\/div>\n\t\t<\/div>\n\t\t<!-- END Icon box -->\n\t\t\t\t\t\t\t<!-- Icon box -->\n\t\t<div class=\"fw-col-sm-4 icon-box-item\">\n\t\t\t\t\t\t\t<div class=\"icon icon-font icon-correct\"><\/div>\n\t\t\t\t\t\t<div class=\"text\">\n\t\t\t\t<div class=\"h4\"><\/div>\n\t\t\t\t<p>Educar a los pacientes para ayudarlos a no convertirse en v\u00edctimas de las t\u00e1cticas de los seguros<\/p>\n\t\t\t<\/div>\n\t\t<\/div>\n\t\t<!-- END Icon box -->\n\t\t\t\t\t\t\t<!-- Icon box -->\n\t\t<div class=\"fw-col-sm-4 icon-box-item\">\n\t\t\t\t\t\t\t<div class=\"icon icon-font icon-correct\"><\/div>\n\t\t\t\t\t\t<div class=\"text\">\n\t\t\t\t<div class=\"h4\"><\/div>\n\t\t\t\t<p>Ense\u00f1e a cuidarse a s\u00ed mismo para que los pacientes puedan evitar volver a lesionarse despu\u00e9s del tratamiento\r\n<\/p>\n\t\t\t<\/div>\n\t\t<\/div>\n\t\t<!-- END Icon box -->\n\t\t<\/div>\t\t\t<div class=\"fw-row\">\t\t<!-- Icon box -->\n\t\t<div class=\"fw-col-sm-4 icon-box-item\">\n\t\t\t\t\t\t\t<div class=\"icon icon-font icon-correct\"><\/div>\n\t\t\t\t\t\t<div class=\"text\">\n\t\t\t\t<div class=\"h4\"><\/div>\n\t\t\t\t<p>Documente las lesiones correctamente para maximizar los acuerdos para nuestros pacientes<\/p>\n\t\t\t<\/div>\n\t\t<\/div>\n\t\t<!-- END Icon box -->\n\t\t\t<\/div>\n<\/div>\n\n\t<\/div>\n<\/section><section class=\"fw-main-row\"  style=\"background-color:#efefef;padding-top:40px;padding-bottom:40px;\" >\n\t<div class=\"fw-container\">\n\t\t<div class=\"fw-row\">\n\t\n<div class=\"fw-col-xs-12\" style=\"\">\n\t<h2 class='fw-special-title heading-decor tac' style=''>\n\t<span>\u00bfPor qu\u00e9 la quiropr\u00e1ctica de accidentes?<\/span>\n\t<\/h2><\/div>\n<\/div>\n\n<div class=\"fw-row\">\n\t\n<div class=\"fw-col-xs-12\" style=\"\">\n\t\n<p style=\"text-align: center;\">No recibir tratamiento en absoluto o recibir tratamiento en la cl\u00ednica equivocada despu\u00e9s de un accidente automovil\u00edstico puede dejarlo con dolor cr\u00f3nico, deudas por facturas m\u00e9dicas impagas que conducen a un mal cr\u00e9dito y\/o acuerdos injustos por su dolor y gastos m\u00e9dicos futuros Usted corre todos estos riesgos cuando elige una cl\u00ednica o m\u00e9dico que no est\u00e1 especializado y con experiencia en el manejo de este tipo de lesiones.<\/p>\n<\/div>\n<\/div>\n\n\t<\/div>\n<\/section><section class=\"fw-main-row\"  style=\"padding-top:20px;padding-bottom:20px;\" >\n\t<div class=\"fw-container\">\n\t\t<div class=\"fw-row\">\n\t\n<div class=\"fw-col-xs-12\" style=\"\">\n\t\n<h4>Estas son las diferencias entre la quiropr\u00e1ctica de accidentes y otras cl\u00ednicas:<\/h4>\n<\/div>\n<\/div>\n\n<div class=\"fw-row\">\n\t\n<div class=\"fw-col-xs-12 fw-col-sm-6\" style=\"\">\n\t\n<h4>Quiropr\u00e1ctica de accidentes<\/h4><ol><li>Somos el grupo quiropr\u00e1ctico m\u00e1s grande y diverso del noroeste con 14 ubicaciones. Nuestro personal profesional habla 10 idiomas diferentes.<\/li><li>Nuestro lema es enfocar como un rayo l\u00e1ser. Todo nuestro equipo de m\u00e9dicos y personal se enfoca solo en el manejo de reclamos y lesiones por accidentes automovil\u00edsticos, lo que nos convierte en expertos en el manejo de este tipo de lesiones.<\/li><li>Respondemos todas sus preguntas desde AZ. Lo guiaremos a trav\u00e9s del proceso de reclamo de seguro para ayudarlo a cumplir con su reclamo de seguro. Eso mejorar\u00e1 sus posibilidades de que le paguen sus facturas.<\/li><li>Usamos m\u00e9todos basados en la ciencia para examinar y tratar sus lesiones, usando im\u00e1genes como rayos X, MRI y ultrasonido para diagnosticar y tratar una lesi\u00f3n con precisi\u00f3n.<\/li><li>Hemos ampliado el horario de la cl\u00ednica para acomodar su apretada agenda.<\/li><li>Entendemos sus problemas y nos preocupamos por usted para hacer lo correcto. Estamos aqu\u00ed para ayudarle a encontrar soluciones. Nuestro\u00a0<a href=\"http:\/\/accidentchiro.wpengine.com\/\" data-uw-styling-context=\"true\">quiropr\u00e1cticos<\/a>\u00a0han ayudado a miles de personas que resultaron heridas en accidentes automovil\u00edsticos como usted.<\/li><li>Hemos pasado muchos a\u00f1os cultivando excelentes relaciones en la comunidad para que podamos hacer recomendaciones confiables para talleres de carrocer\u00eda, abogados y agentes de seguros respetables para ayudarlo con las reparaciones de autom\u00f3viles, resolver su reclamo y protegerse mejor a usted y a sus activos.<\/li><\/ol>\n<\/div>\n\n<div class=\"fw-col-xs-12 fw-col-sm-6\" style=\"\">\n\t\n<h4>Otras Cl\u00ednicas<\/h4><ol><li>Otras cl\u00ednicas son m\u00e1s peque\u00f1as y tienen menos recursos y experiencia en el manejo de reclamaciones de seguros.<\/li><li>Aceptan y tratan todo tipo de casos, sin tener la experiencia en separar las distintas diferencias en lesiones por accidentes automovil\u00edsticos. Afirman que eso da\u00f1ar\u00eda su reclamo y manejar\u00eda mal las lesiones, dej\u00e1ndolo con dolor cr\u00f3nico y posiblemente facturas y deudas m\u00e9dicas sin pagar.<\/li><li>Otras cl\u00ednicas no cuentan con una capacitaci\u00f3n especializada profunda en el tratamiento y manejo de reclamos por accidentes automovil\u00edsticos. Rara vez usan im\u00e1genes y rara vez se administran conjuntamente con otros proveedores, como su m\u00e9dico o especialistas.<\/li><li>Tienen un horario comercial normal, lo que significa que debe faltar al trabajo para recibir tratamiento.<\/li><li>La mayor\u00eda de las veces, no har\u00e1n todo lo posible para ayudarlo con el proceso de reclamo de seguro si no tiene nada que ver con su negocio.<\/li><\/ol>\n<\/div>\n<\/div>\n\n\t<\/div>\n<\/section><section class=\"fw-main-row\"  style=\"background-color:#ba0000;padding-top:40px;padding-bottom:40px;\" >\n\t<div class=\"fw-container\">\n\t\t<div class=\"fw-row\">\n\t\n<div class=\"fw-col-xs-12 fw-col-sm-6\" style=\"\">\n\t\n<div class=\"w-actionbox-text\"><h2 class=\"w-actionbox-title\" data-uw-styling-context=\"true\"><span style=\"color: #ffffff;\">Ahora aceptando nuevos pacientes<\/span><\/h2><\/div>\n<\/div>\n\n<div class=\"fw-col-xs-12 fw-col-sm-6\" style=\"\">\n\t<div class=\"tac\">\n\t\t\t\t\t\t<a href=\"https:\/\/accidentchiropractoryakima.com\/es\/yakima-quiropractico\/\" target=\"_self\" class=\"button-style1\" style=\"\">\n\t\t\t\t<span>CONTACTO YAKIMA<\/span>\n\t\t\t<\/a>\n\t\t\t<\/div><\/div>\n<\/div>\n\n\t<\/div>\n<\/section><\/p>","protected":false},"excerpt":{"rendered":"<p>Accident ChiropracticOur Story The Story of Accident Chiropractic It all began when I was young. While playing sports one day, I saw my friend badly injured on the field. Many of my other friends just paused for a good laugh; I ran over to help. The injury was pretty severe, my friend wasn\u2019t able to [&hellip;]<\/p>","protected":false},"author":1,"featured_media":0,"parent":19,"menu_order":0,"comment_status":"closed","ping_status":"closed","template":"page-landing.php","meta":{"footnotes":""},"class_list":["post-10","page","type-page","status-publish","hentry"],"acf":[],"yoast_head":"<!-- This site is optimized with the Yoast SEO Premium plugin v17.9 (Yoast SEO v27.5) - https:\/\/yoast.com\/product\/yoast-seo-premium-wordpress\/ -->\n<title>About Accident Chiropratic | Chiropractors In Yakima<\/title>\n<meta name=\"description\" content=\"Learn about top chiropractors in Yakima at Accident Chiropractic. Discover expert care for pain relief, injury recovery, and overall wellness. Visit us today!\" \/>\n<meta name=\"robots\" content=\"index, follow, max-snippet:-1, max-image-preview:large, max-video-preview:-1\" \/>\n<link rel=\"canonical\" href=\"https:\/\/accidentchiropractoryakima.com\/es\/pages\/acerca-de\/\" \/>\n<meta property=\"og:locale\" content=\"es_MX\" \/>\n<meta property=\"og:type\" content=\"article\" \/>\n<meta property=\"og:title\" content=\"About\" \/>\n<meta property=\"og:description\" content=\"Learn about top chiropractors in Yakima at Accident Chiropractic. Discover expert care for pain relief, injury recovery, and overall wellness. Visit us today!\" \/>\n<meta property=\"og:url\" content=\"https:\/\/accidentchiropractoryakima.com\/es\/pages\/acerca-de\/\" \/>\n<meta property=\"og:site_name\" content=\"Accidentchiros\" \/>\n<meta property=\"article:modified_time\" content=\"2026-03-11T04:15:26+00:00\" \/>\n<meta property=\"og:image\" content=\"https:\/\/accidentchiropractoryakima.com\/wp-content\/uploads\/2021\/08\/Chiropractic-Office-in-Pasco-WA.png\" \/>\n<meta name=\"twitter:card\" content=\"summary_large_image\" \/>\n<meta name=\"twitter:label1\" content=\"Tiempo de lectura\" \/>\n\t<meta name=\"twitter:data1\" content=\"4 minutos\" \/>\n<script type=\"application\/ld+json\" class=\"yoast-schema-graph\">{\"@context\":\"https:\\\/\\\/schema.org\",\"@graph\":[{\"@type\":\"WebPage\",\"@id\":\"https:\\\/\\\/accidentchiropractoryakima.com\\\/pages\\\/about\\\/\",\"url\":\"https:\\\/\\\/accidentchiropractoryakima.com\\\/pages\\\/about\\\/\",\"name\":\"About Accident Chiropratic | Chiropractors In Yakima\",\"isPartOf\":{\"@id\":\"https:\\\/\\\/accidentchiropractoryakima.com\\\/#website\"},\"primaryImageOfPage\":{\"@id\":\"https:\\\/\\\/accidentchiropractoryakima.com\\\/pages\\\/about\\\/#primaryimage\"},\"image\":{\"@id\":\"https:\\\/\\\/accidentchiropractoryakima.com\\\/pages\\\/about\\\/#primaryimage\"},\"thumbnailUrl\":\"https:\\\/\\\/accidentchiropractoryakima.com\\\/wp-content\\\/uploads\\\/2021\\\/08\\\/Chiropractic-Office-in-Pasco-WA.png\",\"datePublished\":\"2016-10-10T06:39:00+00:00\",\"dateModified\":\"2026-03-11T04:15:26+00:00\",\"description\":\"Learn about top chiropractors in Yakima at Accident Chiropractic. Discover expert care for pain relief, injury recovery, and overall wellness. Visit us today!\",\"breadcrumb\":{\"@id\":\"https:\\\/\\\/accidentchiropractoryakima.com\\\/pages\\\/about\\\/#breadcrumb\"},\"inLanguage\":\"es\",\"potentialAction\":[{\"@type\":\"ReadAction\",\"target\":[\"https:\\\/\\\/accidentchiropractoryakima.com\\\/pages\\\/about\\\/\"]}]},{\"@type\":\"ImageObject\",\"inLanguage\":\"es\",\"@id\":\"https:\\\/\\\/accidentchiropractoryakima.com\\\/pages\\\/about\\\/#primaryimage\",\"url\":\"https:\\\/\\\/accidentchiropractoryakima.com\\\/wp-content\\\/uploads\\\/2021\\\/08\\\/Chiropractic-Office-in-Pasco-WA.png\",\"contentUrl\":\"https:\\\/\\\/accidentchiropractoryakima.com\\\/wp-content\\\/uploads\\\/2021\\\/08\\\/Chiropractic-Office-in-Pasco-WA.png\"},{\"@type\":\"BreadcrumbList\",\"@id\":\"https:\\\/\\\/accidentchiropractoryakima.com\\\/pages\\\/about\\\/#breadcrumb\",\"itemListElement\":[{\"@type\":\"ListItem\",\"position\":1,\"name\":\"Home\",\"item\":\"https:\\\/\\\/accidentchiropractoryakima.com\\\/\"},{\"@type\":\"ListItem\",\"position\":2,\"name\":\"Pages\",\"item\":\"https:\\\/\\\/accidentchiropractoryakima.com\\\/es\\\/pages\\\/\"},{\"@type\":\"ListItem\",\"position\":3,\"name\":\"About\"}]},{\"@type\":\"WebSite\",\"@id\":\"https:\\\/\\\/accidentchiropractoryakima.com\\\/#website\",\"url\":\"https:\\\/\\\/accidentchiropractoryakima.com\\\/\",\"name\":\"Accidentchiros\",\"description\":\"My WordPress Blog\",\"potentialAction\":[{\"@type\":\"SearchAction\",\"target\":{\"@type\":\"EntryPoint\",\"urlTemplate\":\"https:\\\/\\\/accidentchiropractoryakima.com\\\/?s={search_term_string}\"},\"query-input\":{\"@type\":\"PropertyValueSpecification\",\"valueRequired\":true,\"valueName\":\"search_term_string\"}}],\"inLanguage\":\"es\"},{\"@type\":\"ImageObject\",\"inLanguage\":\"es\",\"@id\":\"https:\\\/\\\/accidentchiropractoryakima.com\\\/pages\\\/about\\\/#local-main-organization-logo\",\"url\":\"\",\"contentUrl\":\"\",\"caption\":\"Accidentchiros\"}]}<\/script>\n<!-- \/ Yoast SEO Premium plugin. -->","yoast_head_json":{"title":"About Accident Chiropratic | Chiropractors In Yakima","description":"Learn about top chiropractors in Yakima at Accident Chiropractic. Discover expert care for pain relief, injury recovery, and overall wellness. Visit us today!","robots":{"index":"index","follow":"follow","max-snippet":"max-snippet:-1","max-image-preview":"max-image-preview:large","max-video-preview":"max-video-preview:-1"},"canonical":"https:\/\/accidentchiropractoryakima.com\/es\/pages\/acerca-de\/","og_locale":"es_MX","og_type":"article","og_title":"About","og_description":"Learn about top chiropractors in Yakima at Accident Chiropractic. Discover expert care for pain relief, injury recovery, and overall wellness. Visit us today!","og_url":"https:\/\/accidentchiropractoryakima.com\/es\/pages\/acerca-de\/","og_site_name":"Accidentchiros","article_modified_time":"2026-03-11T04:15:26+00:00","og_image":[{"url":"https:\/\/accidentchiropractoryakima.com\/wp-content\/uploads\/2021\/08\/Chiropractic-Office-in-Pasco-WA.png","type":"","width":"","height":""}],"twitter_card":"summary_large_image","twitter_misc":{"Tiempo de lectura":"4 minutos"},"schema":{"@context":"https:\/\/schema.org","@graph":[{"@type":"WebPage","@id":"https:\/\/accidentchiropractoryakima.com\/pages\/about\/","url":"https:\/\/accidentchiropractoryakima.com\/pages\/about\/","name":"About Accident Chiropratic | Chiropractors In Yakima","isPartOf":{"@id":"https:\/\/accidentchiropractoryakima.com\/#website"},"primaryImageOfPage":{"@id":"https:\/\/accidentchiropractoryakima.com\/pages\/about\/#primaryimage"},"image":{"@id":"https:\/\/accidentchiropractoryakima.com\/pages\/about\/#primaryimage"},"thumbnailUrl":"https:\/\/accidentchiropractoryakima.com\/wp-content\/uploads\/2021\/08\/Chiropractic-Office-in-Pasco-WA.png","datePublished":"2016-10-10T06:39:00+00:00","dateModified":"2026-03-11T04:15:26+00:00","description":"Learn about top chiropractors in Yakima at Accident Chiropractic. Discover expert care for pain relief, injury recovery, and overall wellness. Visit us today!","breadcrumb":{"@id":"https:\/\/accidentchiropractoryakima.com\/pages\/about\/#breadcrumb"},"inLanguage":"es","potentialAction":[{"@type":"ReadAction","target":["https:\/\/accidentchiropractoryakima.com\/pages\/about\/"]}]},{"@type":"ImageObject","inLanguage":"es","@id":"https:\/\/accidentchiropractoryakima.com\/pages\/about\/#primaryimage","url":"https:\/\/accidentchiropractoryakima.com\/wp-content\/uploads\/2021\/08\/Chiropractic-Office-in-Pasco-WA.png","contentUrl":"https:\/\/accidentchiropractoryakima.com\/wp-content\/uploads\/2021\/08\/Chiropractic-Office-in-Pasco-WA.png"},{"@type":"BreadcrumbList","@id":"https:\/\/accidentchiropractoryakima.com\/pages\/about\/#breadcrumb","itemListElement":[{"@type":"ListItem","position":1,"name":"Home","item":"https:\/\/accidentchiropractoryakima.com\/"},{"@type":"ListItem","position":2,"name":"Pages","item":"https:\/\/accidentchiropractoryakima.com\/es\/pages\/"},{"@type":"ListItem","position":3,"name":"About"}]},{"@type":"WebSite","@id":"https:\/\/accidentchiropractoryakima.com\/#website","url":"https:\/\/accidentchiropractoryakima.com\/","name":"Accidentchiros","description":"My WordPress Blog","potentialAction":[{"@type":"SearchAction","target":{"@type":"EntryPoint","urlTemplate":"https:\/\/accidentchiropractoryakima.com\/?s={search_term_string}"},"query-input":{"@type":"PropertyValueSpecification","valueRequired":true,"valueName":"search_term_string"}}],"inLanguage":"es"},{"@type":"ImageObject","inLanguage":"es","@id":"https:\/\/accidentchiropractoryakima.com\/pages\/about\/#local-main-organization-logo","url":"","contentUrl":"","caption":"Accidentchiros"}]}},"_links":{"self":[{"href":"https:\/\/accidentchiropractoryakima.com\/es\/wp-json\/wp\/v2\/pages\/10","targetHints":{"allow":["GET"]}}],"collection":[{"href":"https:\/\/accidentchiropractoryakima.com\/es\/wp-json\/wp\/v2\/pages"}],"about":[{"href":"https:\/\/accidentchiropractoryakima.com\/es\/wp-json\/wp\/v2\/types\/page"}],"author":[{"embeddable":true,"href":"https:\/\/accidentchiropractoryakima.com\/es\/wp-json\/wp\/v2\/users\/1"}],"replies":[{"embeddable":true,"href":"https:\/\/accidentchiropractoryakima.com\/es\/wp-json\/wp\/v2\/comments?post=10"}],"version-history":[{"count":0,"href":"https:\/\/accidentchiropractoryakima.com\/es\/wp-json\/wp\/v2\/pages\/10\/revisions"}],"up":[{"embeddable":true,"href":"https:\/\/accidentchiropractoryakima.com\/es\/wp-json\/wp\/v2\/pages\/19"}],"wp:attachment":[{"href":"https:\/\/accidentchiropractoryakima.com\/es\/wp-json\/wp\/v2\/media?parent=10"}],"curies":[{"name":"wp","href":"https:\/\/api.w.org\/{rel}","templated":true}]}}